{"id":1844,"date":"2024-09-21T15:31:51","date_gmt":"2024-09-21T13:31:51","guid":{"rendered":"https:\/\/nidoathome.com\/?page_id=1844"},"modified":"2024-12-08T17:47:55","modified_gmt":"2024-12-08T16:47:55","slug":"curtain-glider-hinno-clic","status":"publish","type":"page","link":"https:\/\/nidoathome.com\/en\/curtain-glider-hinno-clic\/","title":{"rendered":"Curtain glider"},"content":{"rendered":"<p>The curtain is fitted with the original Clic curtain gliders from Hinno. These can simply be clicked into the curtain rail at any point. You can choose between the Original Clic gliders MAXI and MINI. You can determine the size of your curtain track with the practical <a href=\"https:\/\/hinno.ch\/muenztabelle\/\">Coin table<\/a>. In addition to the original Hinno Clic curtain gliders, you also get two Clic curtain stoppers from Hinno.<\/p>\n\n\n\n<figure class=\"wp-block-embed is-type-video is-provider-vimeo wp-block-embed-vimeo wp-embed-aspect-16-9 wp-has-aspect-ratio\"><div class=\"wp-block-embed__wrapper\">\n<iframe title=\"hinno-clic curtain glider pleat hooks\" src=\"https:\/\/player.vimeo.com\/video\/718607240?dnt=1&amp;app_id=122963\" width=\"1140\" height=\"641\" frameborder=\"0\" allow=\"autoplay; fullscreen; picture-in-picture; clipboard-write\"><\/iframe>\n<\/div><\/figure>\n\n\n\n<figure class=\"wp-block-embed is-type-wp-embed is-provider-hinno wp-block-embed-hinno\"><div class=\"wp-block-embed__wrapper\">\n<blockquote class=\"wp-embedded-content\" data-secret=\"BxwkHPfcG5\"><a href=\"https:\/\/hinno.ch\/muenztabelle\/\">Coin table<\/a><\/blockquote><iframe class=\"wp-embedded-content\" sandbox=\"allow-scripts\" security=\"restricted\" style=\"position: absolute; visibility: hidden;\" title=\"&quot;Coin table&quot; - HINNO\" src=\"https:\/\/hinno.ch\/muenztabelle\/embed\/#?secret=U7qcC1rADC#?secret=BxwkHPfcG5\" data-secret=\"BxwkHPfcG5\" width=\"600\" height=\"338\" frameborder=\"0\" marginwidth=\"0\" marginheight=\"0\" scrolling=\"no\"><\/iframe>\n<\/div><\/figure>\n\n\n\n<p>Discover the first-class selection of <strong>Hinno Clic curtain gliders<\/strong>which offer you a simple and efficient solution for opening and closing your curtains. Whether for your living room, bedroom or office - our curtain glides ensure smooth operation and a long service life. <strong>Hinno<\/strong> stands for quality and innovation in the field of window decoration. The Hinno Clic curtain glides are characterised by their high load-bearing capacity, easy handling and perfect fit. They ensure that your curtains always glide elegantly, without sagging or unpleasant noises.<\/p>\n\n\n\n<p>The <strong>Hinno Clic curtain glider<\/strong> are made of robust materials that retain their functionality even with regular use. They are suitable for both light and heavier curtains and are compatible with many common curtain poles. Thanks to the simple installation, you can attach your curtains quickly and easily.<\/p>\n\n\n\n<p>The selection of <strong>Hinno Clic curtain gliders<\/strong> includes various models that are both visually and functionally impressive. We offer the right solution for every room concept - from classic designs to modern, minimalist variants. Optimise your window decoration with <strong>Curtain gliders<\/strong>that blend harmoniously into any interior.<\/p>\n\n\n\n<p>Whether you are refurbishing your home or simply want to replace your old curtain gliders - with <strong>Hinno<\/strong> you make the right choice. Our <strong>Curtain glider<\/strong> not only offer practical benefits, but also contribute to the visual enhancement of your room. Place your trust in <strong>Hinno<\/strong> for long-lasting quality and functionality.<\/p>","protected":false},"excerpt":{"rendered":"<p>The curtain is fitted with the original Clic curtain gliders from Hinno. These can simply be clicked into the curtain rail at any point. You have the choice between the original [...]<\/p>","protected":false},"author":1,"featured_media":0,"parent":0,"menu_order":0,"comment_status":"closed","ping_status":"closed","template":"","meta":{"footnotes":""},"class_list":["post-1844","page","type-page","status-publish","hentry"],"yoast_head":"<!-- This site is optimized with the Yoast SEO plugin v27.4 - https:\/\/yoast.com\/product\/yoast-seo-wordpress\/ -->\n<title>Vorhanggleiter Hinno Clic - Nido<\/title>\n<meta name=\"description\" content=\"Entdecken Sie hochwertige Hinno Clic Vorhanggleiter f\u00fcr m\u00fcheloses \u00d6ffnen und Schlie\u00dfen Ihrer Vorh\u00e4nge nach Mass. Ideal f\u00fcr jedes Zuhause!\" \/>\n<meta name=\"robots\" content=\"index, follow, max-snippet:-1, max-image-preview:large, max-video-preview:-1\" \/>\n<link rel=\"canonical\" href=\"https:\/\/nidoathome.com\/en\/curtain-glider-hinno-clic\/\" \/>\n<meta property=\"og:locale\" content=\"en_GB\" \/>\n<meta property=\"og:type\" content=\"article\" \/>\n<meta property=\"og:title\" content=\"Vorhanggleiter Hinno Clic - Nido\" \/>\n<meta property=\"og:description\" content=\"Entdecken Sie hochwertige Hinno Clic Vorhanggleiter f\u00fcr m\u00fcheloses \u00d6ffnen und Schlie\u00dfen Ihrer Vorh\u00e4nge nach Mass. Ideal f\u00fcr jedes Zuhause!\" \/>\n<meta property=\"og:url\" content=\"https:\/\/nidoathome.com\/en\/curtain-glider-hinno-clic\/\" \/>\n<meta property=\"og:site_name\" content=\"Nido\" \/>\n<meta property=\"article:publisher\" content=\"https:\/\/www.facebook.com\/profile.php?id=61559705109565\" \/>\n<meta property=\"article:modified_time\" content=\"2024-12-08T16:47:55+00:00\" \/>\n<meta name=\"twitter:card\" content=\"summary_large_image\" \/>\n<meta name=\"twitter:label1\" content=\"Estimated reading time\" \/>\n\t<meta name=\"twitter:data1\" content=\"2 minutes\" \/>\n<script type=\"application\/ld+json\" class=\"yoast-schema-graph\">{\"@context\":\"https:\\\/\\\/schema.org\",\"@graph\":[{\"@type\":\"WebPage\",\"@id\":\"https:\\\/\\\/nidoathome.com\\\/vorhanggleiter-hinno-clic\\\/\",\"url\":\"https:\\\/\\\/nidoathome.com\\\/vorhanggleiter-hinno-clic\\\/\",\"name\":\"Vorhanggleiter Hinno Clic - Nido\",\"isPartOf\":{\"@id\":\"https:\\\/\\\/nidoathome.com\\\/#website\"},\"datePublished\":\"2024-09-21T13:31:51+00:00\",\"dateModified\":\"2024-12-08T16:47:55+00:00\",\"description\":\"Entdecken Sie hochwertige Hinno Clic Vorhanggleiter f\u00fcr m\u00fcheloses \u00d6ffnen und Schlie\u00dfen Ihrer Vorh\u00e4nge nach Mass. Ideal f\u00fcr jedes Zuhause!\",\"breadcrumb\":{\"@id\":\"https:\\\/\\\/nidoathome.com\\\/vorhanggleiter-hinno-clic\\\/#breadcrumb\"},\"inLanguage\":\"en-GB\",\"potentialAction\":[{\"@type\":\"ReadAction\",\"target\":[\"https:\\\/\\\/nidoathome.com\\\/vorhanggleiter-hinno-clic\\\/\"]}]},{\"@type\":\"BreadcrumbList\",\"@id\":\"https:\\\/\\\/nidoathome.com\\\/vorhanggleiter-hinno-clic\\\/#breadcrumb\",\"itemListElement\":[{\"@type\":\"ListItem\",\"position\":1,\"name\":\"Startseite\",\"item\":\"https:\\\/\\\/nidoathome.com\\\/\"},{\"@type\":\"ListItem\",\"position\":2,\"name\":\"Vorhanggleiter\"}]},{\"@type\":\"WebSite\",\"@id\":\"https:\\\/\\\/nidoathome.com\\\/#website\",\"url\":\"https:\\\/\\\/nidoathome.com\\\/\",\"name\":\"Nido\",\"description\":\"Ihre Vorh\u00e4nge nach Mass in der Schweiz\",\"publisher\":{\"@id\":\"https:\\\/\\\/nidoathome.com\\\/#organization\"},\"potentialAction\":[{\"@type\":\"SearchAction\",\"target\":{\"@type\":\"EntryPoint\",\"urlTemplate\":\"https:\\\/\\\/nidoathome.com\\\/?s={search_term_string}\"},\"query-input\":{\"@type\":\"PropertyValueSpecification\",\"valueRequired\":true,\"valueName\":\"search_term_string\"}}],\"inLanguage\":\"en-GB\"},{\"@type\":\"Organization\",\"@id\":\"https:\\\/\\\/nidoathome.com\\\/#organization\",\"name\":\"Nido\",\"url\":\"https:\\\/\\\/nidoathome.com\\\/\",\"logo\":{\"@type\":\"ImageObject\",\"inLanguage\":\"en-GB\",\"@id\":\"https:\\\/\\\/nidoathome.com\\\/#\\\/schema\\\/logo\\\/image\\\/\",\"url\":\"https:\\\/\\\/nidoathome.com\\\/wp-content\\\/uploads\\\/2024\\\/05\\\/logo_black.png\",\"contentUrl\":\"https:\\\/\\\/nidoathome.com\\\/wp-content\\\/uploads\\\/2024\\\/05\\\/logo_black.png\",\"width\":734,\"height\":225,\"caption\":\"Nido\"},\"image\":{\"@id\":\"https:\\\/\\\/nidoathome.com\\\/#\\\/schema\\\/logo\\\/image\\\/\"},\"sameAs\":[\"https:\\\/\\\/www.facebook.com\\\/profile.php?id=61559705109565\",\"https:\\\/\\\/www.instagram.com\\\/nidoathome?igsh=MTkzYmcxbWFmZ2NnZQ&utm_source=qr\"]}]}<\/script>\n<!-- \/ Yoast SEO plugin. -->","yoast_head_json":{"title":"Curtain glider Hinno Clic - Nido","description":"Discover high-quality Hinno Clic curtain glides for effortless opening and closing of your customised curtains. Ideal for every home!","robots":{"index":"index","follow":"follow","max-snippet":"max-snippet:-1","max-image-preview":"max-image-preview:large","max-video-preview":"max-video-preview:-1"},"canonical":"https:\/\/nidoathome.com\/en\/curtain-glider-hinno-clic\/","og_locale":"en_GB","og_type":"article","og_title":"Vorhanggleiter Hinno Clic - Nido","og_description":"Entdecken Sie hochwertige Hinno Clic Vorhanggleiter f\u00fcr m\u00fcheloses \u00d6ffnen und Schlie\u00dfen Ihrer Vorh\u00e4nge nach Mass. Ideal f\u00fcr jedes Zuhause!","og_url":"https:\/\/nidoathome.com\/en\/curtain-glider-hinno-clic\/","og_site_name":"Nido","article_publisher":"https:\/\/www.facebook.com\/profile.php?id=61559705109565","article_modified_time":"2024-12-08T16:47:55+00:00","twitter_card":"summary_large_image","twitter_misc":{"Estimated reading time":"2 minutes"},"schema":{"@context":"https:\/\/schema.org","@graph":[{"@type":"WebPage","@id":"https:\/\/nidoathome.com\/vorhanggleiter-hinno-clic\/","url":"https:\/\/nidoathome.com\/vorhanggleiter-hinno-clic\/","name":"Curtain glider Hinno Clic - Nido","isPartOf":{"@id":"https:\/\/nidoathome.com\/#website"},"datePublished":"2024-09-21T13:31:51+00:00","dateModified":"2024-12-08T16:47:55+00:00","description":"Discover high-quality Hinno Clic curtain glides for effortless opening and closing of your customised curtains. Ideal for every home!","breadcrumb":{"@id":"https:\/\/nidoathome.com\/vorhanggleiter-hinno-clic\/#breadcrumb"},"inLanguage":"en-GB","potentialAction":[{"@type":"ReadAction","target":["https:\/\/nidoathome.com\/vorhanggleiter-hinno-clic\/"]}]},{"@type":"BreadcrumbList","@id":"https:\/\/nidoathome.com\/vorhanggleiter-hinno-clic\/#breadcrumb","itemListElement":[{"@type":"ListItem","position":1,"name":"Startseite","item":"https:\/\/nidoathome.com\/"},{"@type":"ListItem","position":2,"name":"Vorhanggleiter"}]},{"@type":"WebSite","@id":"https:\/\/nidoathome.com\/#website","url":"https:\/\/nidoathome.com\/","name":"Nest","description":"Your made-to-measure curtains in Switzerland","publisher":{"@id":"https:\/\/nidoathome.com\/#organization"},"potentialAction":[{"@type":"SearchAction","target":{"@type":"EntryPoint","urlTemplate":"https:\/\/nidoathome.com\/?s={search_term_string}"},"query-input":{"@type":"PropertyValueSpecification","valueRequired":true,"valueName":"search_term_string"}}],"inLanguage":"en-GB"},{"@type":"Organization","@id":"https:\/\/nidoathome.com\/#organization","name":"Nest","url":"https:\/\/nidoathome.com\/","logo":{"@type":"ImageObject","inLanguage":"en-GB","@id":"https:\/\/nidoathome.com\/#\/schema\/logo\/image\/","url":"https:\/\/nidoathome.com\/wp-content\/uploads\/2024\/05\/logo_black.png","contentUrl":"https:\/\/nidoathome.com\/wp-content\/uploads\/2024\/05\/logo_black.png","width":734,"height":225,"caption":"Nido"},"image":{"@id":"https:\/\/nidoathome.com\/#\/schema\/logo\/image\/"},"sameAs":["https:\/\/www.facebook.com\/profile.php?id=61559705109565","https:\/\/www.instagram.com\/nidoathome?igsh=MTkzYmcxbWFmZ2NnZQ&utm_source=qr"]}]}},"jetpack_sharing_enabled":true,"_links":{"self":[{"href":"https:\/\/nidoathome.com\/en\/wp-json\/wp\/v2\/pages\/1844","targetHints":{"allow":["GET"]}}],"collection":[{"href":"https:\/\/nidoathome.com\/en\/wp-json\/wp\/v2\/pages"}],"about":[{"href":"https:\/\/nidoathome.com\/en\/wp-json\/wp\/v2\/types\/page"}],"author":[{"embeddable":true,"href":"https:\/\/nidoathome.com\/en\/wp-json\/wp\/v2\/users\/1"}],"replies":[{"embeddable":true,"href":"https:\/\/nidoathome.com\/en\/wp-json\/wp\/v2\/comments?post=1844"}],"version-history":[{"count":6,"href":"https:\/\/nidoathome.com\/en\/wp-json\/wp\/v2\/pages\/1844\/revisions"}],"predecessor-version":[{"id":1946,"href":"https:\/\/nidoathome.com\/en\/wp-json\/wp\/v2\/pages\/1844\/revisions\/1946"}],"wp:attachment":[{"href":"https:\/\/nidoathome.com\/en\/wp-json\/wp\/v2\/media?parent=1844"}],"curies":[{"name":"wp","href":"https:\/\/api.w.org\/{rel}","templated":true}]}}