{"id":1536,"date":"2024-09-07T21:50:09","date_gmt":"2024-09-07T19:50:09","guid":{"rendered":"https:\/\/nidoathome.com\/?post_type=product&#038;p=1536"},"modified":"2025-09-16T21:55:58","modified_gmt":"2025-09-16T19:55:58","slug":"gabbiano","status":"publish","type":"product","link":"https:\/\/nidoathome.com\/en\/shop\/day-curtain\/gabbiano\/","title":{"rendered":"Gabbiano"},"content":{"rendered":"<p>Looking for inexpensive customised curtains? The lightweight Gabbiano customised curtain offers ideal privacy protection while allowing sufficient daylight into the room. Perfect for living spaces where brightness is desired, it creates a friendly and inviting atmosphere. Its timeless design blends harmoniously into any interior and adds a stylish touch to your home. The Gabbiano customised curtain is a perfect interior design element and contributes to pleasant room acoustics.<\/p>\n<h3>Measuring instructions<\/h3>\n<p>Determine the size of your customised curtain with the simple\u00a0<a href=\"https:\/\/nidoathome.com\/en\/measuring-instructions\/\" target=\"_blank\" rel=\"noopener\">Measuring instructions<\/a> and select the type of customisation you require. The size and make-up determine the price of your finished customised curtain, including curtain gliders, shipping and VAT.<\/p>\n<h3>Curtain designs<\/h3>\n<p>The types of curtains used are crucial for the pleat formation and give your home individuality. A detailed description can be found <a href=\"https:\/\/nidoathome.com\/en\/type-2\/\" target=\"_blank\" rel=\"noopener\">here<\/a>.<\/p>\n<h3>Glider<\/h3>\n<p>The customised curtain is equipped with the original Clic curtain gliders from HINNO. These can simply be clicked into the curtain rail at any point. You can choose between the Original Clic gliders MAXI and MINI. You can determine the size of your curtain track with the practical <a href=\"https:\/\/hinno.ch\/muenztabelle\/\" target=\"_blank\" rel=\"noreferrer noopener\">Coin table<\/a>. You will also receive two Clic curtain stoppers from HINNO to go with the original Clic gliders.<\/p>\n<h3>Care<\/h3>\n<p>All our curtains can be washed at 30\u00b0C on a gentle cycle. The curtains should not be tumble-dried or dry-cleaned. After washing, you can hang the curtains up damp or iron them on the lowest heat setting.<\/p>","protected":false},"excerpt":{"rendered":"<p><a href=\"https:\/\/nidoathome.com\/en\/measuring-instructions\/\" target=\"_blank\" rel=\"noopener\"><span style=\"font-weight: 400;\">Show measuring instructions<\/span><\/a><\/p>","protected":false},"featured_media":1722,"comment_status":"open","ping_status":"closed","template":"","meta":[],"product_brand":[],"product_cat":[16],"product_tag":[],"class_list":{"0":"post-1536","1":"product","2":"type-product","3":"status-publish","4":"has-post-thumbnail","6":"product_cat-tagesvorhang","8":"first","9":"instock","10":"taxable","11":"shipping-taxable","12":"purchasable","13":"product-type-simple"},"yoast_head":"<!-- This site is optimized with the Yoast SEO plugin v27.3 - https:\/\/yoast.com\/product\/yoast-seo-wordpress\/ -->\n<title>Massvorhang Gabbiano - Nido<\/title>\n<meta name=\"description\" content=\"G\u00fcnstige Massvorh\u00e4nge gesucht? Der leichte Massvorhang Gabbiano bietet idealen Sichtschutz, w\u00e4hrend er gleichzeitig gen\u00fcgend Tageslicht in den Raum l\u00e4sst.\" \/>\n<meta name=\"robots\" content=\"index, follow, max-snippet:-1, max-image-preview:large, max-video-preview:-1\" \/>\n<link rel=\"canonical\" href=\"https:\/\/nidoathome.com\/en\/shop\/day-curtain\/gabbiano\/\" \/>\n<meta property=\"og:locale\" content=\"en_GB\" \/>\n<meta property=\"og:type\" content=\"article\" \/>\n<meta property=\"og:title\" content=\"Massvorhang Gabbiano - Nido\" \/>\n<meta property=\"og:description\" content=\"G\u00fcnstige Massvorh\u00e4nge gesucht? Der leichte Massvorhang Gabbiano bietet idealen Sichtschutz, w\u00e4hrend er gleichzeitig gen\u00fcgend Tageslicht in den Raum l\u00e4sst.\" \/>\n<meta property=\"og:url\" content=\"https:\/\/nidoathome.com\/en\/shop\/day-curtain\/gabbiano\/\" \/>\n<meta property=\"og:site_name\" content=\"Nido\" \/>\n<meta property=\"article:publisher\" content=\"https:\/\/www.facebook.com\/profile.php?id=61559705109565\" \/>\n<meta property=\"article:modified_time\" content=\"2025-09-16T19:55:58+00:00\" \/>\n<meta property=\"og:image\" content=\"https:\/\/nidoathome.com\/wp-content\/uploads\/2024\/09\/2\u0431-5-scaled.jpg\" \/>\n\t<meta property=\"og:image:width\" content=\"1707\" \/>\n\t<meta property=\"og:image:height\" content=\"2560\" \/>\n\t<meta property=\"og:image:type\" content=\"image\/jpeg\" \/>\n<meta name=\"twitter:card\" content=\"summary_large_image\" \/>\n<meta name=\"twitter:label1\" content=\"Estimated reading time\" \/>\n\t<meta name=\"twitter:data1\" content=\"2 minutes\" \/>\n<script type=\"application\/ld+json\" class=\"yoast-schema-graph\">{\"@context\":\"https:\\\/\\\/schema.org\",\"@graph\":[{\"@type\":\"WebPage\",\"@id\":\"https:\\\/\\\/nidoathome.com\\\/shop\\\/tagesvorhang\\\/gabbiano\\\/\",\"url\":\"https:\\\/\\\/nidoathome.com\\\/shop\\\/tagesvorhang\\\/gabbiano\\\/\",\"name\":\"Massvorhang Gabbiano - Nido\",\"isPartOf\":{\"@id\":\"https:\\\/\\\/nidoathome.com\\\/#website\"},\"primaryImageOfPage\":{\"@id\":\"https:\\\/\\\/nidoathome.com\\\/shop\\\/tagesvorhang\\\/gabbiano\\\/#primaryimage\"},\"image\":{\"@id\":\"https:\\\/\\\/nidoathome.com\\\/shop\\\/tagesvorhang\\\/gabbiano\\\/#primaryimage\"},\"thumbnailUrl\":\"https:\\\/\\\/nidoathome.com\\\/wp-content\\\/uploads\\\/2024\\\/09\\\/2\u0431-5-scaled.jpg\",\"datePublished\":\"2024-09-07T19:50:09+00:00\",\"dateModified\":\"2025-09-16T19:55:58+00:00\",\"description\":\"G\u00fcnstige Massvorh\u00e4nge gesucht? Der leichte Massvorhang Gabbiano bietet idealen Sichtschutz, w\u00e4hrend er gleichzeitig gen\u00fcgend Tageslicht in den Raum l\u00e4sst.\",\"breadcrumb\":{\"@id\":\"https:\\\/\\\/nidoathome.com\\\/shop\\\/tagesvorhang\\\/gabbiano\\\/#breadcrumb\"},\"inLanguage\":\"en-GB\",\"potentialAction\":[{\"@type\":\"ReadAction\",\"target\":[\"https:\\\/\\\/nidoathome.com\\\/shop\\\/tagesvorhang\\\/gabbiano\\\/\"]}]},{\"@type\":\"ImageObject\",\"inLanguage\":\"en-GB\",\"@id\":\"https:\\\/\\\/nidoathome.com\\\/shop\\\/tagesvorhang\\\/gabbiano\\\/#primaryimage\",\"url\":\"https:\\\/\\\/nidoathome.com\\\/wp-content\\\/uploads\\\/2024\\\/09\\\/2\u0431-5-scaled.jpg\",\"contentUrl\":\"https:\\\/\\\/nidoathome.com\\\/wp-content\\\/uploads\\\/2024\\\/09\\\/2\u0431-5-scaled.jpg\",\"width\":1707,\"height\":2560,\"caption\":\"G\u00fcnstige Massvorh\u00e4nge Gabbiano Konfektion\"},{\"@type\":\"BreadcrumbList\",\"@id\":\"https:\\\/\\\/nidoathome.com\\\/shop\\\/tagesvorhang\\\/gabbiano\\\/#breadcrumb\",\"itemListElement\":[{\"@type\":\"ListItem\",\"position\":1,\"name\":\"Startseite\",\"item\":\"https:\\\/\\\/nidoathome.com\\\/\"},{\"@type\":\"ListItem\",\"position\":2,\"name\":\"Shop\",\"item\":\"https:\\\/\\\/nidoathome.com\\\/shop\\\/\"},{\"@type\":\"ListItem\",\"position\":3,\"name\":\"Gabbiano\"}]},{\"@type\":\"WebSite\",\"@id\":\"https:\\\/\\\/nidoathome.com\\\/#website\",\"url\":\"https:\\\/\\\/nidoathome.com\\\/\",\"name\":\"Nido\",\"description\":\"Ihre Vorh\u00e4nge nach Mass in der Schweiz\",\"publisher\":{\"@id\":\"https:\\\/\\\/nidoathome.com\\\/#organization\"},\"potentialAction\":[{\"@type\":\"SearchAction\",\"target\":{\"@type\":\"EntryPoint\",\"urlTemplate\":\"https:\\\/\\\/nidoathome.com\\\/?s={search_term_string}\"},\"query-input\":{\"@type\":\"PropertyValueSpecification\",\"valueRequired\":true,\"valueName\":\"search_term_string\"}}],\"inLanguage\":\"en-GB\"},{\"@type\":\"Organization\",\"@id\":\"https:\\\/\\\/nidoathome.com\\\/#organization\",\"name\":\"Nido\",\"url\":\"https:\\\/\\\/nidoathome.com\\\/\",\"logo\":{\"@type\":\"ImageObject\",\"inLanguage\":\"en-GB\",\"@id\":\"https:\\\/\\\/nidoathome.com\\\/#\\\/schema\\\/logo\\\/image\\\/\",\"url\":\"https:\\\/\\\/nidoathome.com\\\/wp-content\\\/uploads\\\/2024\\\/05\\\/logo_black.png\",\"contentUrl\":\"https:\\\/\\\/nidoathome.com\\\/wp-content\\\/uploads\\\/2024\\\/05\\\/logo_black.png\",\"width\":734,\"height\":225,\"caption\":\"Nido\"},\"image\":{\"@id\":\"https:\\\/\\\/nidoathome.com\\\/#\\\/schema\\\/logo\\\/image\\\/\"},\"sameAs\":[\"https:\\\/\\\/www.facebook.com\\\/profile.php?id=61559705109565\",\"https:\\\/\\\/www.instagram.com\\\/nidoathome?igsh=MTkzYmcxbWFmZ2NnZQ&utm_source=qr\"]}]}<\/script>\n<!-- \/ Yoast SEO plugin. -->","yoast_head_json":{"title":"Gabbiano customised curtain - Nido","description":"Looking for inexpensive customised curtains? The lightweight Gabbiano customised curtain offers ideal privacy protection while allowing sufficient daylight into the room.","robots":{"index":"index","follow":"follow","max-snippet":"max-snippet:-1","max-image-preview":"max-image-preview:large","max-video-preview":"max-video-preview:-1"},"canonical":"https:\/\/nidoathome.com\/en\/shop\/day-curtain\/gabbiano\/","og_locale":"en_GB","og_type":"article","og_title":"Massvorhang Gabbiano - Nido","og_description":"G\u00fcnstige Massvorh\u00e4nge gesucht? Der leichte Massvorhang Gabbiano bietet idealen Sichtschutz, w\u00e4hrend er gleichzeitig gen\u00fcgend Tageslicht in den Raum l\u00e4sst.","og_url":"https:\/\/nidoathome.com\/en\/shop\/day-curtain\/gabbiano\/","og_site_name":"Nido","article_publisher":"https:\/\/www.facebook.com\/profile.php?id=61559705109565","article_modified_time":"2025-09-16T19:55:58+00:00","og_image":[{"width":1707,"height":2560,"url":"https:\/\/nidoathome.com\/wp-content\/uploads\/2024\/09\/2\u0431-5-scaled.jpg","type":"image\/jpeg"}],"twitter_card":"summary_large_image","twitter_misc":{"Estimated reading time":"2 minutes"},"schema":{"@context":"https:\/\/schema.org","@graph":[{"@type":"WebPage","@id":"https:\/\/nidoathome.com\/shop\/tagesvorhang\/gabbiano\/","url":"https:\/\/nidoathome.com\/shop\/tagesvorhang\/gabbiano\/","name":"Gabbiano customised curtain - Nido","isPartOf":{"@id":"https:\/\/nidoathome.com\/#website"},"primaryImageOfPage":{"@id":"https:\/\/nidoathome.com\/shop\/tagesvorhang\/gabbiano\/#primaryimage"},"image":{"@id":"https:\/\/nidoathome.com\/shop\/tagesvorhang\/gabbiano\/#primaryimage"},"thumbnailUrl":"https:\/\/nidoathome.com\/wp-content\/uploads\/2024\/09\/2\u0431-5-scaled.jpg","datePublished":"2024-09-07T19:50:09+00:00","dateModified":"2025-09-16T19:55:58+00:00","description":"Looking for inexpensive customised curtains? The lightweight Gabbiano customised curtain offers ideal privacy protection while allowing sufficient daylight into the room.","breadcrumb":{"@id":"https:\/\/nidoathome.com\/shop\/tagesvorhang\/gabbiano\/#breadcrumb"},"inLanguage":"en-GB","potentialAction":[{"@type":"ReadAction","target":["https:\/\/nidoathome.com\/shop\/tagesvorhang\/gabbiano\/"]}]},{"@type":"ImageObject","inLanguage":"en-GB","@id":"https:\/\/nidoathome.com\/shop\/tagesvorhang\/gabbiano\/#primaryimage","url":"https:\/\/nidoathome.com\/wp-content\/uploads\/2024\/09\/2\u0431-5-scaled.jpg","contentUrl":"https:\/\/nidoathome.com\/wp-content\/uploads\/2024\/09\/2\u0431-5-scaled.jpg","width":1707,"height":2560,"caption":"G\u00fcnstige Massvorh\u00e4nge Gabbiano Konfektion"},{"@type":"BreadcrumbList","@id":"https:\/\/nidoathome.com\/shop\/tagesvorhang\/gabbiano\/#breadcrumb","itemListElement":[{"@type":"ListItem","position":1,"name":"Startseite","item":"https:\/\/nidoathome.com\/"},{"@type":"ListItem","position":2,"name":"Shop","item":"https:\/\/nidoathome.com\/shop\/"},{"@type":"ListItem","position":3,"name":"Gabbiano"}]},{"@type":"WebSite","@id":"https:\/\/nidoathome.com\/#website","url":"https:\/\/nidoathome.com\/","name":"Nest","description":"Your made-to-measure curtains in Switzerland","publisher":{"@id":"https:\/\/nidoathome.com\/#organization"},"potentialAction":[{"@type":"SearchAction","target":{"@type":"EntryPoint","urlTemplate":"https:\/\/nidoathome.com\/?s={search_term_string}"},"query-input":{"@type":"PropertyValueSpecification","valueRequired":true,"valueName":"search_term_string"}}],"inLanguage":"en-GB"},{"@type":"Organization","@id":"https:\/\/nidoathome.com\/#organization","name":"Nest","url":"https:\/\/nidoathome.com\/","logo":{"@type":"ImageObject","inLanguage":"en-GB","@id":"https:\/\/nidoathome.com\/#\/schema\/logo\/image\/","url":"https:\/\/nidoathome.com\/wp-content\/uploads\/2024\/05\/logo_black.png","contentUrl":"https:\/\/nidoathome.com\/wp-content\/uploads\/2024\/05\/logo_black.png","width":734,"height":225,"caption":"Nido"},"image":{"@id":"https:\/\/nidoathome.com\/#\/schema\/logo\/image\/"},"sameAs":["https:\/\/www.facebook.com\/profile.php?id=61559705109565","https:\/\/www.instagram.com\/nidoathome?igsh=MTkzYmcxbWFmZ2NnZQ&utm_source=qr"]}]}},"jetpack_sharing_enabled":true,"_links":{"self":[{"href":"https:\/\/nidoathome.com\/en\/wp-json\/wp\/v2\/product\/1536","targetHints":{"allow":["GET"]}}],"collection":[{"href":"https:\/\/nidoathome.com\/en\/wp-json\/wp\/v2\/product"}],"about":[{"href":"https:\/\/nidoathome.com\/en\/wp-json\/wp\/v2\/types\/product"}],"replies":[{"embeddable":true,"href":"https:\/\/nidoathome.com\/en\/wp-json\/wp\/v2\/comments?post=1536"}],"wp:featuredmedia":[{"embeddable":true,"href":"https:\/\/nidoathome.com\/en\/wp-json\/wp\/v2\/media\/1722"}],"wp:attachment":[{"href":"https:\/\/nidoathome.com\/en\/wp-json\/wp\/v2\/media?parent=1536"}],"wp:term":[{"taxonomy":"product_brand","embeddable":true,"href":"https:\/\/nidoathome.com\/en\/wp-json\/wp\/v2\/product_brand?post=1536"},{"taxonomy":"product_cat","embeddable":true,"href":"https:\/\/nidoathome.com\/en\/wp-json\/wp\/v2\/product_cat?post=1536"},{"taxonomy":"product_tag","embeddable":true,"href":"https:\/\/nidoathome.com\/en\/wp-json\/wp\/v2\/product_tag?post=1536"}],"curies":[{"name":"wp","href":"https:\/\/api.w.org\/{rel}","templated":true}]}}