{"id":1844,"date":"2024-09-21T15:31:51","date_gmt":"2024-09-21T13:31:51","guid":{"rendered":"https:\/\/nidoathome.com\/?page_id=1844"},"modified":"2024-12-08T17:47:55","modified_gmt":"2024-12-08T16:47:55","slug":"curseur-de-rideau-hinno-clic","status":"publish","type":"page","link":"https:\/\/nidoathome.com\/fr\/curseur-de-rideau-hinno-clic\/","title":{"rendered":"Glisseur"},"content":{"rendered":"<p>Le rideau est \u00e9quip\u00e9 des glisseurs de rideau Original Clic de Hinno. Ceux-ci peuvent \u00eatre simplement cliqu\u00e9s dans le rail du rideau \u00e0 n'importe quel endroit. Vous avez le choix entre les patins Original Clic MAXI et MINI. Vous pouvez d\u00e9terminer la taille de votre rail de rideau \u00e0 l'aide de l'outil pratique \"Clic\". <a href=\"https:\/\/hinno.ch\/muenztabelle\/\">Tableau des pi\u00e8ces de monnaie<\/a>. En plus des glisseurs de rideaux Clic originaux de Hinno, vous recevez \u00e9galement deux arr\u00eats de rideaux Clic de Hinno.<\/p>\n\n\n\n<figure class=\"wp-block-embed is-type-video is-provider-vimeo wp-block-embed-vimeo wp-embed-aspect-16-9 wp-has-aspect-ratio\"><div class=\"wp-block-embed__wrapper\">\n<iframe title=\"hinno-clic-curseur-crochet de pose de rideaux\" src=\"https:\/\/player.vimeo.com\/video\/718607240?dnt=1&amp;app_id=122963\" width=\"1140\" height=\"641\" frameborder=\"0\" allow=\"autoplay; fullscreen; picture-in-picture; clipboard-write\"><\/iframe>\n<\/div><\/figure>\n\n\n\n<figure class=\"wp-block-embed is-type-wp-embed is-provider-hinno wp-block-embed-hinno\"><div class=\"wp-block-embed__wrapper\">\n<blockquote class=\"wp-embedded-content\" data-secret=\"BxwkHPfcG5\"><a href=\"https:\/\/hinno.ch\/muenztabelle\/\">Tableau des pi\u00e8ces de monnaie<\/a><\/blockquote><iframe class=\"wp-embedded-content\" sandbox=\"allow-scripts\" security=\"restricted\" style=\"position: absolute; visibility: hidden;\" title=\"&quot;Tableau des pi\u00e8ces de monnaie&quot; - HINNO\" src=\"https:\/\/hinno.ch\/muenztabelle\/embed\/#?secret=U7qcC1rADC#?secret=BxwkHPfcG5\" data-secret=\"BxwkHPfcG5\" width=\"600\" height=\"338\" frameborder=\"0\" marginwidth=\"0\" marginheight=\"0\" scrolling=\"no\"><\/iframe>\n<\/div><\/figure>\n\n\n\n<p>D\u00e9couvrez la s\u00e9lection de premier choix <strong>Glisseurs de rideaux Hinno Clic<\/strong>Ils vous offrent une solution simple et efficace pour ouvrir et fermer vos rideaux. Que ce soit pour votre salon, votre chambre \u00e0 coucher ou votre bureau, nos glisseurs de rideaux garantissent un bon fonctionnement et une longue dur\u00e9e de vie. <strong>Hinno<\/strong> est synonyme de qualit\u00e9 et d'innovation dans le domaine de la d\u00e9coration des fen\u00eatres. Les glisseurs de rideaux Hinno Clic se distinguent par leur grande r\u00e9sistance, leur facilit\u00e9 d'utilisation et leur ajustement parfait. Ils font en sorte que vos rideaux glissent toujours avec \u00e9l\u00e9gance, sans accrocs ni bruits d\u00e9sagr\u00e9ables.<\/p>\n\n\n\n<p>Le site <strong>Glisseurs de rideaux Hinno Clic<\/strong> sont fabriqu\u00e9s dans des mat\u00e9riaux robustes qui conservent leur fonctionnalit\u00e9 m\u00eame en cas d'utilisation r\u00e9guli\u00e8re. Ils conviennent aussi bien aux rideaux l\u00e9gers qu'aux rideaux plus lourds et sont compatibles avec de nombreuses tringles \u00e0 rideaux courantes. Gr\u00e2ce \u00e0 la facilit\u00e9 d'installation, vous pouvez poser vos rideaux rapidement et sans probl\u00e8me.<\/p>\n\n\n\n<p>Le choix de <strong>Glisseurs de rideaux Hinno Clic<\/strong> comprend diff\u00e9rents mod\u00e8les qui s\u00e9duisent tant par leur aspect que par leur fonctionnalit\u00e9. Nous proposons une solution adapt\u00e9e \u00e0 chaque concept d'espace, des designs classiques aux variantes modernes et minimalistes. Optimisez la d\u00e9coration de vos fen\u00eatres avec <strong>Patins \u00e0 rideaux<\/strong>Les produits de la marque sont des produits de qualit\u00e9, qui s'int\u00e8grent harmonieusement dans tous les int\u00e9rieurs.<\/p>\n\n\n\n<p>Que vous soyez en train de r\u00e9am\u00e9nager votre appartement ou que vous souhaitiez simplement remplacer vos anciens patins \u00e0 rideaux, avec <strong>Hinno<\/strong> vous faites le bon choix. Notre site <strong>Glisseur<\/strong> offrent non seulement une utilit\u00e9 pratique, mais contribuent \u00e9galement \u00e0 la valorisation visuelle de votre pi\u00e8ce. Faites confiance \u00e0 <strong>Hinno<\/strong> pour une qualit\u00e9 et une fonctionnalit\u00e9 durables.<\/p>","protected":false},"excerpt":{"rendered":"<p>Le rideau est \u00e9quip\u00e9 des glisseurs de rideau Original Clic de Hinno. Ceux-ci peuvent \u00eatre simplement cliqu\u00e9s dans le rail du rideau \u00e0 n'importe quel endroit. Vous avez le choix entre les coulisseaux Original [...].<\/p>","protected":false},"author":1,"featured_media":0,"parent":0,"menu_order":0,"comment_status":"closed","ping_status":"closed","template":"","meta":{"footnotes":""},"class_list":["post-1844","page","type-page","status-publish","hentry"],"yoast_head":"<!-- This site is optimized with the Yoast SEO plugin v27.4 - https:\/\/yoast.com\/product\/yoast-seo-wordpress\/ -->\n<title>Vorhanggleiter Hinno Clic - Nido<\/title>\n<meta name=\"description\" content=\"Entdecken Sie hochwertige Hinno Clic Vorhanggleiter f\u00fcr m\u00fcheloses \u00d6ffnen und Schlie\u00dfen Ihrer Vorh\u00e4nge nach Mass. Ideal f\u00fcr jedes Zuhause!\" \/>\n<meta name=\"robots\" content=\"index, follow, max-snippet:-1, max-image-preview:large, max-video-preview:-1\" \/>\n<link rel=\"canonical\" href=\"https:\/\/nidoathome.com\/fr\/curseur-de-rideau-hinno-clic\/\" \/>\n<meta property=\"og:locale\" content=\"fr_FR\" \/>\n<meta property=\"og:type\" content=\"article\" \/>\n<meta property=\"og:title\" content=\"Vorhanggleiter Hinno Clic - Nido\" \/>\n<meta property=\"og:description\" content=\"Entdecken Sie hochwertige Hinno Clic Vorhanggleiter f\u00fcr m\u00fcheloses \u00d6ffnen und Schlie\u00dfen Ihrer Vorh\u00e4nge nach Mass. Ideal f\u00fcr jedes Zuhause!\" \/>\n<meta property=\"og:url\" content=\"https:\/\/nidoathome.com\/fr\/curseur-de-rideau-hinno-clic\/\" \/>\n<meta property=\"og:site_name\" content=\"Nido\" \/>\n<meta property=\"article:publisher\" content=\"https:\/\/www.facebook.com\/profile.php?id=61559705109565\" \/>\n<meta property=\"article:modified_time\" content=\"2024-12-08T16:47:55+00:00\" \/>\n<meta name=\"twitter:card\" content=\"summary_large_image\" \/>\n<meta name=\"twitter:label1\" content=\"Dur\u00e9e de lecture estim\u00e9e\" \/>\n\t<meta name=\"twitter:data1\" content=\"2 minutes\" \/>\n<script type=\"application\/ld+json\" class=\"yoast-schema-graph\">{\"@context\":\"https:\\\/\\\/schema.org\",\"@graph\":[{\"@type\":\"WebPage\",\"@id\":\"https:\\\/\\\/nidoathome.com\\\/vorhanggleiter-hinno-clic\\\/\",\"url\":\"https:\\\/\\\/nidoathome.com\\\/vorhanggleiter-hinno-clic\\\/\",\"name\":\"Vorhanggleiter Hinno Clic - Nido\",\"isPartOf\":{\"@id\":\"https:\\\/\\\/nidoathome.com\\\/#website\"},\"datePublished\":\"2024-09-21T13:31:51+00:00\",\"dateModified\":\"2024-12-08T16:47:55+00:00\",\"description\":\"Entdecken Sie hochwertige Hinno Clic Vorhanggleiter f\u00fcr m\u00fcheloses \u00d6ffnen und Schlie\u00dfen Ihrer Vorh\u00e4nge nach Mass. Ideal f\u00fcr jedes Zuhause!\",\"breadcrumb\":{\"@id\":\"https:\\\/\\\/nidoathome.com\\\/vorhanggleiter-hinno-clic\\\/#breadcrumb\"},\"inLanguage\":\"fr-FR\",\"potentialAction\":[{\"@type\":\"ReadAction\",\"target\":[\"https:\\\/\\\/nidoathome.com\\\/vorhanggleiter-hinno-clic\\\/\"]}]},{\"@type\":\"BreadcrumbList\",\"@id\":\"https:\\\/\\\/nidoathome.com\\\/vorhanggleiter-hinno-clic\\\/#breadcrumb\",\"itemListElement\":[{\"@type\":\"ListItem\",\"position\":1,\"name\":\"Startseite\",\"item\":\"https:\\\/\\\/nidoathome.com\\\/\"},{\"@type\":\"ListItem\",\"position\":2,\"name\":\"Vorhanggleiter\"}]},{\"@type\":\"WebSite\",\"@id\":\"https:\\\/\\\/nidoathome.com\\\/#website\",\"url\":\"https:\\\/\\\/nidoathome.com\\\/\",\"name\":\"Nido\",\"description\":\"Ihre Vorh\u00e4nge nach Mass in der Schweiz\",\"publisher\":{\"@id\":\"https:\\\/\\\/nidoathome.com\\\/#organization\"},\"potentialAction\":[{\"@type\":\"SearchAction\",\"target\":{\"@type\":\"EntryPoint\",\"urlTemplate\":\"https:\\\/\\\/nidoathome.com\\\/?s={search_term_string}\"},\"query-input\":{\"@type\":\"PropertyValueSpecification\",\"valueRequired\":true,\"valueName\":\"search_term_string\"}}],\"inLanguage\":\"fr-FR\"},{\"@type\":\"Organization\",\"@id\":\"https:\\\/\\\/nidoathome.com\\\/#organization\",\"name\":\"Nido\",\"url\":\"https:\\\/\\\/nidoathome.com\\\/\",\"logo\":{\"@type\":\"ImageObject\",\"inLanguage\":\"fr-FR\",\"@id\":\"https:\\\/\\\/nidoathome.com\\\/#\\\/schema\\\/logo\\\/image\\\/\",\"url\":\"https:\\\/\\\/nidoathome.com\\\/wp-content\\\/uploads\\\/2024\\\/05\\\/logo_black.png\",\"contentUrl\":\"https:\\\/\\\/nidoathome.com\\\/wp-content\\\/uploads\\\/2024\\\/05\\\/logo_black.png\",\"width\":734,\"height\":225,\"caption\":\"Nido\"},\"image\":{\"@id\":\"https:\\\/\\\/nidoathome.com\\\/#\\\/schema\\\/logo\\\/image\\\/\"},\"sameAs\":[\"https:\\\/\\\/www.facebook.com\\\/profile.php?id=61559705109565\",\"https:\\\/\\\/www.instagram.com\\\/nidoathome?igsh=MTkzYmcxbWFmZ2NnZQ&utm_source=qr\"]}]}<\/script>\n<!-- \/ Yoast SEO plugin. -->","yoast_head_json":{"title":"Glisseurs de rideaux Hinno Clic - Nido","description":"D\u00e9couvrez les glisseurs de rideaux Hinno Clic de haute qualit\u00e9 pour ouvrir et fermer sans effort vos rideaux sur mesure. Id\u00e9al pour chaque maison !","robots":{"index":"index","follow":"follow","max-snippet":"max-snippet:-1","max-image-preview":"max-image-preview:large","max-video-preview":"max-video-preview:-1"},"canonical":"https:\/\/nidoathome.com\/fr\/curseur-de-rideau-hinno-clic\/","og_locale":"fr_FR","og_type":"article","og_title":"Vorhanggleiter Hinno Clic - Nido","og_description":"Entdecken Sie hochwertige Hinno Clic Vorhanggleiter f\u00fcr m\u00fcheloses \u00d6ffnen und Schlie\u00dfen Ihrer Vorh\u00e4nge nach Mass. Ideal f\u00fcr jedes Zuhause!","og_url":"https:\/\/nidoathome.com\/fr\/curseur-de-rideau-hinno-clic\/","og_site_name":"Nido","article_publisher":"https:\/\/www.facebook.com\/profile.php?id=61559705109565","article_modified_time":"2024-12-08T16:47:55+00:00","twitter_card":"summary_large_image","twitter_misc":{"Dur\u00e9e de lecture estim\u00e9e":"2 minutes"},"schema":{"@context":"https:\/\/schema.org","@graph":[{"@type":"WebPage","@id":"https:\/\/nidoathome.com\/vorhanggleiter-hinno-clic\/","url":"https:\/\/nidoathome.com\/vorhanggleiter-hinno-clic\/","name":"Glisseurs de rideaux Hinno Clic - Nido","isPartOf":{"@id":"https:\/\/nidoathome.com\/#website"},"datePublished":"2024-09-21T13:31:51+00:00","dateModified":"2024-12-08T16:47:55+00:00","description":"D\u00e9couvrez les glisseurs de rideaux Hinno Clic de haute qualit\u00e9 pour ouvrir et fermer sans effort vos rideaux sur mesure. Id\u00e9al pour chaque maison !","breadcrumb":{"@id":"https:\/\/nidoathome.com\/vorhanggleiter-hinno-clic\/#breadcrumb"},"inLanguage":"fr-FR","potentialAction":[{"@type":"ReadAction","target":["https:\/\/nidoathome.com\/vorhanggleiter-hinno-clic\/"]}]},{"@type":"BreadcrumbList","@id":"https:\/\/nidoathome.com\/vorhanggleiter-hinno-clic\/#breadcrumb","itemListElement":[{"@type":"ListItem","position":1,"name":"Startseite","item":"https:\/\/nidoathome.com\/"},{"@type":"ListItem","position":2,"name":"Vorhanggleiter"}]},{"@type":"WebSite","@id":"https:\/\/nidoathome.com\/#website","url":"https:\/\/nidoathome.com\/","name":"Nido","description":"Vos rideaux sur mesure en Suisse","publisher":{"@id":"https:\/\/nidoathome.com\/#organization"},"potentialAction":[{"@type":"SearchAction","target":{"@type":"EntryPoint","urlTemplate":"https:\/\/nidoathome.com\/?s={search_term_string}"},"query-input":{"@type":"PropertyValueSpecification","valueRequired":true,"valueName":"search_term_string"}}],"inLanguage":"fr-FR"},{"@type":"Organization","@id":"https:\/\/nidoathome.com\/#organization","name":"Nido","url":"https:\/\/nidoathome.com\/","logo":{"@type":"ImageObject","inLanguage":"fr-FR","@id":"https:\/\/nidoathome.com\/#\/schema\/logo\/image\/","url":"https:\/\/nidoathome.com\/wp-content\/uploads\/2024\/05\/logo_black.png","contentUrl":"https:\/\/nidoathome.com\/wp-content\/uploads\/2024\/05\/logo_black.png","width":734,"height":225,"caption":"Nido"},"image":{"@id":"https:\/\/nidoathome.com\/#\/schema\/logo\/image\/"},"sameAs":["https:\/\/www.facebook.com\/profile.php?id=61559705109565","https:\/\/www.instagram.com\/nidoathome?igsh=MTkzYmcxbWFmZ2NnZQ&utm_source=qr"]}]}},"jetpack_sharing_enabled":true,"_links":{"self":[{"href":"https:\/\/nidoathome.com\/fr\/wp-json\/wp\/v2\/pages\/1844","targetHints":{"allow":["GET"]}}],"collection":[{"href":"https:\/\/nidoathome.com\/fr\/wp-json\/wp\/v2\/pages"}],"about":[{"href":"https:\/\/nidoathome.com\/fr\/wp-json\/wp\/v2\/types\/page"}],"author":[{"embeddable":true,"href":"https:\/\/nidoathome.com\/fr\/wp-json\/wp\/v2\/users\/1"}],"replies":[{"embeddable":true,"href":"https:\/\/nidoathome.com\/fr\/wp-json\/wp\/v2\/comments?post=1844"}],"version-history":[{"count":6,"href":"https:\/\/nidoathome.com\/fr\/wp-json\/wp\/v2\/pages\/1844\/revisions"}],"predecessor-version":[{"id":1946,"href":"https:\/\/nidoathome.com\/fr\/wp-json\/wp\/v2\/pages\/1844\/revisions\/1946"}],"wp:attachment":[{"href":"https:\/\/nidoathome.com\/fr\/wp-json\/wp\/v2\/media?parent=1844"}],"curies":[{"name":"wp","href":"https:\/\/api.w.org\/{rel}","templated":true}]}}