{"id":1375,"date":"2024-09-07T20:01:36","date_gmt":"2024-09-07T18:01:36","guid":{"rendered":"https:\/\/nidoathome.com\/?post_type=product&#038;p=1375"},"modified":"2025-05-05T21:53:11","modified_gmt":"2025-05-05T19:53:11","slug":"stornello","status":"publish","type":"product","link":"https:\/\/nidoathome.com\/fr\/shop\/rideau-de-nuit\/stornello\/","title":{"rendered":"Stornello"},"content":{"rendered":"<p><span style=\"font-weight: 400;\">Le rideau de nuit offre un obscurcissement optimal et cr\u00e9e une atmosph\u00e8re calme et intime dans chaque pi\u00e8ce. Avec son tissu opaque de qualit\u00e9 sup\u00e9rieure, il prot\u00e8ge efficacement de la lumi\u00e8re ind\u00e9sirable tout en cr\u00e9ant une ambiance \u00e9l\u00e9gante. Parfait pour des nuits reposantes et des soir\u00e9es agr\u00e9ables.Tous les rideaux de nuit sont opaques de jour comme de nuit, de l'int\u00e9rieur comme de l'ext\u00e9rieur.<\/span><\/p>\n<h3>Instructions de mesure<\/h3>\n<p>D\u00e9terminez la taille de votre rideau sur mesure avec la simple\u00a0<a href=\"https:\/\/nidoathome.com\/fr\/instructions-de-mesure\/\" target=\"_blank\" rel=\"noopener\">Instructions de mesure<\/a> et choisissez le type de confection souhait\u00e9. La taille et la confection d\u00e9terminent le prix de votre rideau sur mesure fini, y compris les glisseurs de rideau, l'exp\u00e9dition et la TVA.<\/p>\n<h3>Confection<\/h3>\n<p>Les types de fabrication sont cruciaux pour le plissage des rideaux et donnent \u00e0 votre maison une individualit\u00e9. Une description d\u00e9taill\u00e9e peut \u00eatre trouv\u00e9e <a href=\"https:\/\/nidoathome.com\/fr\/confection\/\" target=\"_blank\" rel=\"noopener\">ici<\/a>.<\/p>\n<h3>Glisseurs<\/h3>\n<p>Le rideau sur mesure est \u00e9quip\u00e9 des glisseurs de rideaux originaux Clic de HINNO. Ceux-ci peuvent \u00eatre simplement cliqu\u00e9s dans le rail du rideau \u00e0 n'importe quel endroit. Vous avez le choix entre les patins Original Clic MAXI et MINI. Vous pouvez d\u00e9terminer la taille de votre rail de rideau \u00e0 l'aide de l'outil pratique \"Clic\". <a href=\"https:\/\/hinno.ch\/muenztabelle\/\" target=\"_blank\" rel=\"noreferrer noopener\">Tableau des pi\u00e8ces de monnaie<\/a>. En plus des glisseurs Clic originaux, vous recevez \u00e9galement deux arr\u00eats de rideau Clic de HINNO.<\/p>\n<h3>Entretien<\/h3>\n<p>Tous nos rideaux peuvent \u00eatre lav\u00e9s \u00e0 30\u00b0C en cycle d\u00e9licat. Les rideaux ne doivent pas \u00eatre mis au s\u00e8che-linge ou nettoy\u00e9s \u00e0 sec. Apr\u00e8s le lavage, vous pouvez suspendre les rideaux \u00e0 l'\u00e9tat humide ou les repasser \u00e0 la temp\u00e9rature la plus basse.<\/p>","protected":false},"excerpt":{"rendered":"<p><a href=\"https:\/\/nidoathome.com\/fr\/instructions-de-mesure\/\" target=\"_blank\" rel=\"noopener\">Afficher le guide de mesure<\/a><\/p>","protected":false},"featured_media":1760,"comment_status":"open","ping_status":"closed","template":"","meta":[],"product_brand":[],"product_cat":[24],"product_tag":[],"class_list":{"0":"post-1375","1":"product","2":"type-product","3":"status-publish","4":"has-post-thumbnail","6":"product_cat-nachtvorhang","8":"first","9":"instock","10":"taxable","11":"shipping-taxable","12":"purchasable","13":"product-type-simple"},"yoast_head":"<!-- This site is optimized with the Yoast SEO plugin v27.3 - https:\/\/yoast.com\/product\/yoast-seo-wordpress\/ -->\n<title>Nachtvorhang Stornello - Nido<\/title>\n<meta name=\"description\" content=\"Der Nachtvorhang Stornello bietet optimale Verdunkelung und schafft eine ruhige, intime Atmosph\u00e4re in jedem Raum.\" \/>\n<meta name=\"robots\" content=\"index, follow, max-snippet:-1, max-image-preview:large, max-video-preview:-1\" \/>\n<link rel=\"canonical\" href=\"https:\/\/nidoathome.com\/fr\/shop\/rideau-de-nuit\/stornello\/\" \/>\n<meta property=\"og:locale\" content=\"fr_FR\" \/>\n<meta property=\"og:type\" content=\"article\" \/>\n<meta property=\"og:title\" content=\"Nachtvorhang Stornello - Nido\" \/>\n<meta property=\"og:description\" content=\"Der Nachtvorhang Stornello bietet optimale Verdunkelung und schafft eine ruhige, intime Atmosph\u00e4re in jedem Raum.\" \/>\n<meta property=\"og:url\" content=\"https:\/\/nidoathome.com\/fr\/shop\/rideau-de-nuit\/stornello\/\" \/>\n<meta property=\"og:site_name\" content=\"Nido\" \/>\n<meta property=\"article:publisher\" content=\"https:\/\/www.facebook.com\/profile.php?id=61559705109565\" \/>\n<meta property=\"article:modified_time\" content=\"2025-05-05T19:53:11+00:00\" \/>\n<meta property=\"og:image\" content=\"https:\/\/nidoathome.com\/wp-content\/uploads\/2024\/09\/Stornello-scaled.jpg\" \/>\n\t<meta property=\"og:image:width\" content=\"1707\" \/>\n\t<meta property=\"og:image:height\" content=\"2560\" \/>\n\t<meta property=\"og:image:type\" content=\"image\/jpeg\" \/>\n<meta name=\"twitter:card\" content=\"summary_large_image\" \/>\n<meta name=\"twitter:label1\" content=\"Dur\u00e9e de lecture estim\u00e9e\" \/>\n\t<meta name=\"twitter:data1\" content=\"2 minutes\" \/>\n<script type=\"application\/ld+json\" class=\"yoast-schema-graph\">{\"@context\":\"https:\\\/\\\/schema.org\",\"@graph\":[{\"@type\":\"WebPage\",\"@id\":\"https:\\\/\\\/nidoathome.com\\\/shop\\\/nachtvorhang\\\/stornello\\\/\",\"url\":\"https:\\\/\\\/nidoathome.com\\\/shop\\\/nachtvorhang\\\/stornello\\\/\",\"name\":\"Nachtvorhang Stornello - Nido\",\"isPartOf\":{\"@id\":\"https:\\\/\\\/nidoathome.com\\\/#website\"},\"primaryImageOfPage\":{\"@id\":\"https:\\\/\\\/nidoathome.com\\\/shop\\\/nachtvorhang\\\/stornello\\\/#primaryimage\"},\"image\":{\"@id\":\"https:\\\/\\\/nidoathome.com\\\/shop\\\/nachtvorhang\\\/stornello\\\/#primaryimage\"},\"thumbnailUrl\":\"https:\\\/\\\/nidoathome.com\\\/wp-content\\\/uploads\\\/2024\\\/09\\\/Stornello-scaled.jpg\",\"datePublished\":\"2024-09-07T18:01:36+00:00\",\"dateModified\":\"2025-05-05T19:53:11+00:00\",\"description\":\"Der Nachtvorhang Stornello bietet optimale Verdunkelung und schafft eine ruhige, intime Atmosph\u00e4re in jedem Raum.\",\"breadcrumb\":{\"@id\":\"https:\\\/\\\/nidoathome.com\\\/shop\\\/nachtvorhang\\\/stornello\\\/#breadcrumb\"},\"inLanguage\":\"fr-FR\",\"potentialAction\":[{\"@type\":\"ReadAction\",\"target\":[\"https:\\\/\\\/nidoathome.com\\\/shop\\\/nachtvorhang\\\/stornello\\\/\"]}]},{\"@type\":\"ImageObject\",\"inLanguage\":\"fr-FR\",\"@id\":\"https:\\\/\\\/nidoathome.com\\\/shop\\\/nachtvorhang\\\/stornello\\\/#primaryimage\",\"url\":\"https:\\\/\\\/nidoathome.com\\\/wp-content\\\/uploads\\\/2024\\\/09\\\/Stornello-scaled.jpg\",\"contentUrl\":\"https:\\\/\\\/nidoathome.com\\\/wp-content\\\/uploads\\\/2024\\\/09\\\/Stornello-scaled.jpg\",\"width\":1707,\"height\":2560,\"caption\":\"Stornello\"},{\"@type\":\"BreadcrumbList\",\"@id\":\"https:\\\/\\\/nidoathome.com\\\/shop\\\/nachtvorhang\\\/stornello\\\/#breadcrumb\",\"itemListElement\":[{\"@type\":\"ListItem\",\"position\":1,\"name\":\"Startseite\",\"item\":\"https:\\\/\\\/nidoathome.com\\\/\"},{\"@type\":\"ListItem\",\"position\":2,\"name\":\"Shop\",\"item\":\"https:\\\/\\\/nidoathome.com\\\/shop\\\/\"},{\"@type\":\"ListItem\",\"position\":3,\"name\":\"Stornello\"}]},{\"@type\":\"WebSite\",\"@id\":\"https:\\\/\\\/nidoathome.com\\\/#website\",\"url\":\"https:\\\/\\\/nidoathome.com\\\/\",\"name\":\"Nido\",\"description\":\"Ihre Vorh\u00e4nge nach Mass in der Schweiz\",\"publisher\":{\"@id\":\"https:\\\/\\\/nidoathome.com\\\/#organization\"},\"potentialAction\":[{\"@type\":\"SearchAction\",\"target\":{\"@type\":\"EntryPoint\",\"urlTemplate\":\"https:\\\/\\\/nidoathome.com\\\/?s={search_term_string}\"},\"query-input\":{\"@type\":\"PropertyValueSpecification\",\"valueRequired\":true,\"valueName\":\"search_term_string\"}}],\"inLanguage\":\"fr-FR\"},{\"@type\":\"Organization\",\"@id\":\"https:\\\/\\\/nidoathome.com\\\/#organization\",\"name\":\"Nido\",\"url\":\"https:\\\/\\\/nidoathome.com\\\/\",\"logo\":{\"@type\":\"ImageObject\",\"inLanguage\":\"fr-FR\",\"@id\":\"https:\\\/\\\/nidoathome.com\\\/#\\\/schema\\\/logo\\\/image\\\/\",\"url\":\"https:\\\/\\\/nidoathome.com\\\/wp-content\\\/uploads\\\/2024\\\/05\\\/logo_black.png\",\"contentUrl\":\"https:\\\/\\\/nidoathome.com\\\/wp-content\\\/uploads\\\/2024\\\/05\\\/logo_black.png\",\"width\":734,\"height\":225,\"caption\":\"Nido\"},\"image\":{\"@id\":\"https:\\\/\\\/nidoathome.com\\\/#\\\/schema\\\/logo\\\/image\\\/\"},\"sameAs\":[\"https:\\\/\\\/www.facebook.com\\\/profile.php?id=61559705109565\",\"https:\\\/\\\/www.instagram.com\\\/nidoathome?igsh=MTkzYmcxbWFmZ2NnZQ&utm_source=qr\"]}]}<\/script>\n<!-- \/ Yoast SEO plugin. -->","yoast_head_json":{"title":"Rideau de nuit Stornello - Nido","description":"Le rideau de nuit Stornello offre un obscurcissement optimal et cr\u00e9e une atmosph\u00e8re calme et intime dans chaque pi\u00e8ce.","robots":{"index":"index","follow":"follow","max-snippet":"max-snippet:-1","max-image-preview":"max-image-preview:large","max-video-preview":"max-video-preview:-1"},"canonical":"https:\/\/nidoathome.com\/fr\/shop\/rideau-de-nuit\/stornello\/","og_locale":"fr_FR","og_type":"article","og_title":"Nachtvorhang Stornello - Nido","og_description":"Der Nachtvorhang Stornello bietet optimale Verdunkelung und schafft eine ruhige, intime Atmosph\u00e4re in jedem Raum.","og_url":"https:\/\/nidoathome.com\/fr\/shop\/rideau-de-nuit\/stornello\/","og_site_name":"Nido","article_publisher":"https:\/\/www.facebook.com\/profile.php?id=61559705109565","article_modified_time":"2025-05-05T19:53:11+00:00","og_image":[{"width":1707,"height":2560,"url":"https:\/\/nidoathome.com\/wp-content\/uploads\/2024\/09\/Stornello-scaled.jpg","type":"image\/jpeg"}],"twitter_card":"summary_large_image","twitter_misc":{"Dur\u00e9e de lecture estim\u00e9e":"2 minutes"},"schema":{"@context":"https:\/\/schema.org","@graph":[{"@type":"WebPage","@id":"https:\/\/nidoathome.com\/shop\/nachtvorhang\/stornello\/","url":"https:\/\/nidoathome.com\/shop\/nachtvorhang\/stornello\/","name":"Rideau de nuit Stornello - Nido","isPartOf":{"@id":"https:\/\/nidoathome.com\/#website"},"primaryImageOfPage":{"@id":"https:\/\/nidoathome.com\/shop\/nachtvorhang\/stornello\/#primaryimage"},"image":{"@id":"https:\/\/nidoathome.com\/shop\/nachtvorhang\/stornello\/#primaryimage"},"thumbnailUrl":"https:\/\/nidoathome.com\/wp-content\/uploads\/2024\/09\/Stornello-scaled.jpg","datePublished":"2024-09-07T18:01:36+00:00","dateModified":"2025-05-05T19:53:11+00:00","description":"Le rideau de nuit Stornello offre un obscurcissement optimal et cr\u00e9e une atmosph\u00e8re calme et intime dans chaque pi\u00e8ce.","breadcrumb":{"@id":"https:\/\/nidoathome.com\/shop\/nachtvorhang\/stornello\/#breadcrumb"},"inLanguage":"fr-FR","potentialAction":[{"@type":"ReadAction","target":["https:\/\/nidoathome.com\/shop\/nachtvorhang\/stornello\/"]}]},{"@type":"ImageObject","inLanguage":"fr-FR","@id":"https:\/\/nidoathome.com\/shop\/nachtvorhang\/stornello\/#primaryimage","url":"https:\/\/nidoathome.com\/wp-content\/uploads\/2024\/09\/Stornello-scaled.jpg","contentUrl":"https:\/\/nidoathome.com\/wp-content\/uploads\/2024\/09\/Stornello-scaled.jpg","width":1707,"height":2560,"caption":"Stornello"},{"@type":"BreadcrumbList","@id":"https:\/\/nidoathome.com\/shop\/nachtvorhang\/stornello\/#breadcrumb","itemListElement":[{"@type":"ListItem","position":1,"name":"Startseite","item":"https:\/\/nidoathome.com\/"},{"@type":"ListItem","position":2,"name":"Shop","item":"https:\/\/nidoathome.com\/shop\/"},{"@type":"ListItem","position":3,"name":"Stornello"}]},{"@type":"WebSite","@id":"https:\/\/nidoathome.com\/#website","url":"https:\/\/nidoathome.com\/","name":"Nido","description":"Vos rideaux sur mesure en Suisse","publisher":{"@id":"https:\/\/nidoathome.com\/#organization"},"potentialAction":[{"@type":"SearchAction","target":{"@type":"EntryPoint","urlTemplate":"https:\/\/nidoathome.com\/?s={search_term_string}"},"query-input":{"@type":"PropertyValueSpecification","valueRequired":true,"valueName":"search_term_string"}}],"inLanguage":"fr-FR"},{"@type":"Organization","@id":"https:\/\/nidoathome.com\/#organization","name":"Nido","url":"https:\/\/nidoathome.com\/","logo":{"@type":"ImageObject","inLanguage":"fr-FR","@id":"https:\/\/nidoathome.com\/#\/schema\/logo\/image\/","url":"https:\/\/nidoathome.com\/wp-content\/uploads\/2024\/05\/logo_black.png","contentUrl":"https:\/\/nidoathome.com\/wp-content\/uploads\/2024\/05\/logo_black.png","width":734,"height":225,"caption":"Nido"},"image":{"@id":"https:\/\/nidoathome.com\/#\/schema\/logo\/image\/"},"sameAs":["https:\/\/www.facebook.com\/profile.php?id=61559705109565","https:\/\/www.instagram.com\/nidoathome?igsh=MTkzYmcxbWFmZ2NnZQ&utm_source=qr"]}]}},"jetpack_sharing_enabled":true,"_links":{"self":[{"href":"https:\/\/nidoathome.com\/fr\/wp-json\/wp\/v2\/product\/1375","targetHints":{"allow":["GET"]}}],"collection":[{"href":"https:\/\/nidoathome.com\/fr\/wp-json\/wp\/v2\/product"}],"about":[{"href":"https:\/\/nidoathome.com\/fr\/wp-json\/wp\/v2\/types\/product"}],"replies":[{"embeddable":true,"href":"https:\/\/nidoathome.com\/fr\/wp-json\/wp\/v2\/comments?post=1375"}],"wp:featuredmedia":[{"embeddable":true,"href":"https:\/\/nidoathome.com\/fr\/wp-json\/wp\/v2\/media\/1760"}],"wp:attachment":[{"href":"https:\/\/nidoathome.com\/fr\/wp-json\/wp\/v2\/media?parent=1375"}],"wp:term":[{"taxonomy":"product_brand","embeddable":true,"href":"https:\/\/nidoathome.com\/fr\/wp-json\/wp\/v2\/product_brand?post=1375"},{"taxonomy":"product_cat","embeddable":true,"href":"https:\/\/nidoathome.com\/fr\/wp-json\/wp\/v2\/product_cat?post=1375"},{"taxonomy":"product_tag","embeddable":true,"href":"https:\/\/nidoathome.com\/fr\/wp-json\/wp\/v2\/product_tag?post=1375"}],"curies":[{"name":"wp","href":"https:\/\/api.w.org\/{rel}","templated":true}]}}