{"id":1572,"date":"2024-09-07T21:53:00","date_gmt":"2024-09-07T19:53:00","guid":{"rendered":"https:\/\/nidoathome.com\/?post_type=product&#038;p=1572"},"modified":"2025-09-16T21:33:15","modified_gmt":"2025-09-16T19:33:15","slug":"nibbio","status":"publish","type":"product","link":"https:\/\/nidoathome.com\/fr\/shop\/voilages\/nibbio\/","title":{"rendered":"Nibbio"},"content":{"rendered":"<p>Le rideau l\u00e9ger sur mesure Nibbio offre une protection id\u00e9ale contre les regards indiscrets tout en laissant entrer suffisamment de lumi\u00e8re du jour dans la pi\u00e8ce. Parfait pour les pi\u00e8ces de vie o\u00f9 la luminosit\u00e9 est souhait\u00e9e, il cr\u00e9e une atmosph\u00e8re conviviale et accueillante. Son design intemporel s'int\u00e8gre harmonieusement dans tous les int\u00e9rieurs et conf\u00e8re une touche de style \u00e0 votre maison. Le rideau de jour Nibbio est un \u00e9l\u00e9ment de d\u00e9coration int\u00e9rieure parfait et contribue \u00e0 une acoustique agr\u00e9able dans la pi\u00e8ce.<\/p>\n<h3>Instructions de mesure<\/h3>\n<p>D\u00e9terminez la taille de votre rideau sur mesure avec la simple\u00a0<a href=\"https:\/\/nidoathome.com\/fr\/instructions-de-mesure\/\" target=\"_blank\" rel=\"noopener\">Instructions de mesure<\/a> et choisissez le type de confection souhait\u00e9. La taille et la confection d\u00e9terminent le prix de votre rideau sur mesure fini, y compris les glisseurs de rideau, l'exp\u00e9dition et la TVA.<\/p>\n<h3>Confection<\/h3>\n<p>Les types de fabrication sont cruciaux pour le plissage des rideaux et donnent \u00e0 votre maison une individualit\u00e9. Une description d\u00e9taill\u00e9e peut \u00eatre trouv\u00e9e <a href=\"https:\/\/nidoathome.com\/fr\/confection\/\" target=\"_blank\" rel=\"noopener\">ici<\/a>.<\/p>\n<h3>Glisseurs<\/h3>\n<p>Le rideau sur mesure est \u00e9quip\u00e9 des glisseurs de rideaux originaux Clic de HINNO. Ceux-ci peuvent \u00eatre simplement cliqu\u00e9s dans le rail du rideau \u00e0 n'importe quel endroit. Vous avez le choix entre les patins Original Clic MAXI et MINI. Vous pouvez d\u00e9terminer la taille de votre rail de rideau \u00e0 l'aide de l'outil pratique \"Clic\". <a href=\"https:\/\/hinno.ch\/muenztabelle\/\" target=\"_blank\" rel=\"noreferrer noopener\">Tableau des pi\u00e8ces de monnaie<\/a>. En plus des glisseurs Clic originaux, vous recevez \u00e9galement deux arr\u00eats de rideau Clic de HINNO.<\/p>\n<h3>Entretien<\/h3>\n<p>Tous nos rideaux peuvent \u00eatre lav\u00e9s \u00e0 30\u00b0C en cycle d\u00e9licat. Les rideaux ne doivent pas \u00eatre mis au s\u00e8che-linge ou nettoy\u00e9s \u00e0 sec. Apr\u00e8s le lavage, vous pouvez suspendre les rideaux \u00e0 l'\u00e9tat humide ou les repasser \u00e0 la temp\u00e9rature la plus basse.<\/p>","protected":false},"excerpt":{"rendered":"<p><span style=\"font-weight: 400;\"><a href=\"https:\/\/nidoathome.com\/fr\/instructions-de-mesure\/\" target=\"_blank\" rel=\"noopener\">Afficher le guide de mesure<\/a><\/span><\/p>","protected":false},"featured_media":1741,"comment_status":"open","ping_status":"closed","template":"","meta":[],"product_brand":[],"product_cat":[16],"product_tag":[],"class_list":{"0":"post-1572","1":"product","2":"type-product","3":"status-publish","4":"has-post-thumbnail","6":"product_cat-tagesvorhang","8":"first","9":"instock","10":"taxable","11":"shipping-taxable","12":"purchasable","13":"product-type-simple"},"yoast_head":"<!-- This site is optimized with the Yoast SEO plugin v27.4 - https:\/\/yoast.com\/product\/yoast-seo-wordpress\/ -->\n<title>Massvorhang - Nibbio - Nido<\/title>\n<meta name=\"description\" content=\"Der leichte Massvorhang Nibbio bietet idealen Sichtschutz, w\u00e4hrend er gleichzeitig gen\u00fcgend Tageslicht in den Raum l\u00e4sst.\" \/>\n<meta name=\"robots\" content=\"index, follow, max-snippet:-1, max-image-preview:large, max-video-preview:-1\" \/>\n<link rel=\"canonical\" href=\"https:\/\/nidoathome.com\/fr\/shop\/voilages\/nibbio\/\" \/>\n<meta property=\"og:locale\" content=\"fr_FR\" \/>\n<meta property=\"og:type\" content=\"article\" \/>\n<meta property=\"og:title\" content=\"Massvorhang - Nibbio - Nido\" \/>\n<meta property=\"og:description\" content=\"Der leichte Massvorhang Nibbio bietet idealen Sichtschutz, w\u00e4hrend er gleichzeitig gen\u00fcgend Tageslicht in den Raum l\u00e4sst.\" \/>\n<meta property=\"og:url\" content=\"https:\/\/nidoathome.com\/fr\/shop\/voilages\/nibbio\/\" \/>\n<meta property=\"og:site_name\" content=\"Nido\" \/>\n<meta property=\"article:publisher\" content=\"https:\/\/www.facebook.com\/profile.php?id=61559705109565\" \/>\n<meta property=\"article:modified_time\" content=\"2025-09-16T19:33:15+00:00\" \/>\n<meta property=\"og:image\" content=\"https:\/\/nidoathome.com\/wp-content\/uploads\/2024\/09\/4\u0431-scaled.jpg\" \/>\n\t<meta property=\"og:image:width\" content=\"1707\" \/>\n\t<meta property=\"og:image:height\" content=\"2560\" \/>\n\t<meta property=\"og:image:type\" content=\"image\/jpeg\" \/>\n<meta name=\"twitter:card\" content=\"summary_large_image\" \/>\n<meta name=\"twitter:label1\" content=\"Dur\u00e9e de lecture estim\u00e9e\" \/>\n\t<meta name=\"twitter:data1\" content=\"2 minutes\" \/>\n<script type=\"application\/ld+json\" class=\"yoast-schema-graph\">{\"@context\":\"https:\\\/\\\/schema.org\",\"@graph\":[{\"@type\":\"WebPage\",\"@id\":\"https:\\\/\\\/nidoathome.com\\\/shop\\\/tagesvorhang\\\/nibbio\\\/\",\"url\":\"https:\\\/\\\/nidoathome.com\\\/shop\\\/tagesvorhang\\\/nibbio\\\/\",\"name\":\"Massvorhang - Nibbio - Nido\",\"isPartOf\":{\"@id\":\"https:\\\/\\\/nidoathome.com\\\/#website\"},\"primaryImageOfPage\":{\"@id\":\"https:\\\/\\\/nidoathome.com\\\/shop\\\/tagesvorhang\\\/nibbio\\\/#primaryimage\"},\"image\":{\"@id\":\"https:\\\/\\\/nidoathome.com\\\/shop\\\/tagesvorhang\\\/nibbio\\\/#primaryimage\"},\"thumbnailUrl\":\"https:\\\/\\\/nidoathome.com\\\/wp-content\\\/uploads\\\/2024\\\/09\\\/4\u0431-scaled.jpg\",\"datePublished\":\"2024-09-07T19:53:00+00:00\",\"dateModified\":\"2025-09-16T19:33:15+00:00\",\"description\":\"Der leichte Massvorhang Nibbio bietet idealen Sichtschutz, w\u00e4hrend er gleichzeitig gen\u00fcgend Tageslicht in den Raum l\u00e4sst.\",\"breadcrumb\":{\"@id\":\"https:\\\/\\\/nidoathome.com\\\/shop\\\/tagesvorhang\\\/nibbio\\\/#breadcrumb\"},\"inLanguage\":\"fr-FR\",\"potentialAction\":[{\"@type\":\"ReadAction\",\"target\":[\"https:\\\/\\\/nidoathome.com\\\/shop\\\/tagesvorhang\\\/nibbio\\\/\"]}]},{\"@type\":\"ImageObject\",\"inLanguage\":\"fr-FR\",\"@id\":\"https:\\\/\\\/nidoathome.com\\\/shop\\\/tagesvorhang\\\/nibbio\\\/#primaryimage\",\"url\":\"https:\\\/\\\/nidoathome.com\\\/wp-content\\\/uploads\\\/2024\\\/09\\\/4\u0431-scaled.jpg\",\"contentUrl\":\"https:\\\/\\\/nidoathome.com\\\/wp-content\\\/uploads\\\/2024\\\/09\\\/4\u0431-scaled.jpg\",\"width\":1707,\"height\":2560,\"caption\":\"Tagesvorhang Nibbio Konfektion\"},{\"@type\":\"BreadcrumbList\",\"@id\":\"https:\\\/\\\/nidoathome.com\\\/shop\\\/tagesvorhang\\\/nibbio\\\/#breadcrumb\",\"itemListElement\":[{\"@type\":\"ListItem\",\"position\":1,\"name\":\"Startseite\",\"item\":\"https:\\\/\\\/nidoathome.com\\\/\"},{\"@type\":\"ListItem\",\"position\":2,\"name\":\"Shop\",\"item\":\"https:\\\/\\\/nidoathome.com\\\/shop\\\/\"},{\"@type\":\"ListItem\",\"position\":3,\"name\":\"Nibbio\"}]},{\"@type\":\"WebSite\",\"@id\":\"https:\\\/\\\/nidoathome.com\\\/#website\",\"url\":\"https:\\\/\\\/nidoathome.com\\\/\",\"name\":\"Nido\",\"description\":\"Ihre Vorh\u00e4nge nach Mass in der Schweiz\",\"publisher\":{\"@id\":\"https:\\\/\\\/nidoathome.com\\\/#organization\"},\"potentialAction\":[{\"@type\":\"SearchAction\",\"target\":{\"@type\":\"EntryPoint\",\"urlTemplate\":\"https:\\\/\\\/nidoathome.com\\\/?s={search_term_string}\"},\"query-input\":{\"@type\":\"PropertyValueSpecification\",\"valueRequired\":true,\"valueName\":\"search_term_string\"}}],\"inLanguage\":\"fr-FR\"},{\"@type\":\"Organization\",\"@id\":\"https:\\\/\\\/nidoathome.com\\\/#organization\",\"name\":\"Nido\",\"url\":\"https:\\\/\\\/nidoathome.com\\\/\",\"logo\":{\"@type\":\"ImageObject\",\"inLanguage\":\"fr-FR\",\"@id\":\"https:\\\/\\\/nidoathome.com\\\/#\\\/schema\\\/logo\\\/image\\\/\",\"url\":\"https:\\\/\\\/nidoathome.com\\\/wp-content\\\/uploads\\\/2024\\\/05\\\/logo_black.png\",\"contentUrl\":\"https:\\\/\\\/nidoathome.com\\\/wp-content\\\/uploads\\\/2024\\\/05\\\/logo_black.png\",\"width\":734,\"height\":225,\"caption\":\"Nido\"},\"image\":{\"@id\":\"https:\\\/\\\/nidoathome.com\\\/#\\\/schema\\\/logo\\\/image\\\/\"},\"sameAs\":[\"https:\\\/\\\/www.facebook.com\\\/profile.php?id=61559705109565\",\"https:\\\/\\\/www.instagram.com\\\/nidoathome?igsh=MTkzYmcxbWFmZ2NnZQ&utm_source=qr\"]}]}<\/script>\n<!-- \/ Yoast SEO plugin. -->","yoast_head_json":{"title":"Rideau sur mesure - Nibbio - Nido","description":"Le rideau l\u00e9ger sur mesure Nibbio offre une protection id\u00e9ale contre les regards indiscrets, tout en laissant entrer suffisamment de lumi\u00e8re du jour dans la pi\u00e8ce.","robots":{"index":"index","follow":"follow","max-snippet":"max-snippet:-1","max-image-preview":"max-image-preview:large","max-video-preview":"max-video-preview:-1"},"canonical":"https:\/\/nidoathome.com\/fr\/shop\/voilages\/nibbio\/","og_locale":"fr_FR","og_type":"article","og_title":"Massvorhang - Nibbio - Nido","og_description":"Der leichte Massvorhang Nibbio bietet idealen Sichtschutz, w\u00e4hrend er gleichzeitig gen\u00fcgend Tageslicht in den Raum l\u00e4sst.","og_url":"https:\/\/nidoathome.com\/fr\/shop\/voilages\/nibbio\/","og_site_name":"Nido","article_publisher":"https:\/\/www.facebook.com\/profile.php?id=61559705109565","article_modified_time":"2025-09-16T19:33:15+00:00","og_image":[{"width":1707,"height":2560,"url":"https:\/\/nidoathome.com\/wp-content\/uploads\/2024\/09\/4\u0431-scaled.jpg","type":"image\/jpeg"}],"twitter_card":"summary_large_image","twitter_misc":{"Dur\u00e9e de lecture estim\u00e9e":"2 minutes"},"schema":{"@context":"https:\/\/schema.org","@graph":[{"@type":"WebPage","@id":"https:\/\/nidoathome.com\/shop\/tagesvorhang\/nibbio\/","url":"https:\/\/nidoathome.com\/shop\/tagesvorhang\/nibbio\/","name":"Rideau sur mesure - Nibbio - Nido","isPartOf":{"@id":"https:\/\/nidoathome.com\/#website"},"primaryImageOfPage":{"@id":"https:\/\/nidoathome.com\/shop\/tagesvorhang\/nibbio\/#primaryimage"},"image":{"@id":"https:\/\/nidoathome.com\/shop\/tagesvorhang\/nibbio\/#primaryimage"},"thumbnailUrl":"https:\/\/nidoathome.com\/wp-content\/uploads\/2024\/09\/4\u0431-scaled.jpg","datePublished":"2024-09-07T19:53:00+00:00","dateModified":"2025-09-16T19:33:15+00:00","description":"Le rideau l\u00e9ger sur mesure Nibbio offre une protection id\u00e9ale contre les regards indiscrets, tout en laissant entrer suffisamment de lumi\u00e8re du jour dans la pi\u00e8ce.","breadcrumb":{"@id":"https:\/\/nidoathome.com\/shop\/tagesvorhang\/nibbio\/#breadcrumb"},"inLanguage":"fr-FR","potentialAction":[{"@type":"ReadAction","target":["https:\/\/nidoathome.com\/shop\/tagesvorhang\/nibbio\/"]}]},{"@type":"ImageObject","inLanguage":"fr-FR","@id":"https:\/\/nidoathome.com\/shop\/tagesvorhang\/nibbio\/#primaryimage","url":"https:\/\/nidoathome.com\/wp-content\/uploads\/2024\/09\/4\u0431-scaled.jpg","contentUrl":"https:\/\/nidoathome.com\/wp-content\/uploads\/2024\/09\/4\u0431-scaled.jpg","width":1707,"height":2560,"caption":"Tagesvorhang Nibbio Konfektion"},{"@type":"BreadcrumbList","@id":"https:\/\/nidoathome.com\/shop\/tagesvorhang\/nibbio\/#breadcrumb","itemListElement":[{"@type":"ListItem","position":1,"name":"Startseite","item":"https:\/\/nidoathome.com\/"},{"@type":"ListItem","position":2,"name":"Shop","item":"https:\/\/nidoathome.com\/shop\/"},{"@type":"ListItem","position":3,"name":"Nibbio"}]},{"@type":"WebSite","@id":"https:\/\/nidoathome.com\/#website","url":"https:\/\/nidoathome.com\/","name":"Nido","description":"Vos rideaux sur mesure en Suisse","publisher":{"@id":"https:\/\/nidoathome.com\/#organization"},"potentialAction":[{"@type":"SearchAction","target":{"@type":"EntryPoint","urlTemplate":"https:\/\/nidoathome.com\/?s={search_term_string}"},"query-input":{"@type":"PropertyValueSpecification","valueRequired":true,"valueName":"search_term_string"}}],"inLanguage":"fr-FR"},{"@type":"Organization","@id":"https:\/\/nidoathome.com\/#organization","name":"Nido","url":"https:\/\/nidoathome.com\/","logo":{"@type":"ImageObject","inLanguage":"fr-FR","@id":"https:\/\/nidoathome.com\/#\/schema\/logo\/image\/","url":"https:\/\/nidoathome.com\/wp-content\/uploads\/2024\/05\/logo_black.png","contentUrl":"https:\/\/nidoathome.com\/wp-content\/uploads\/2024\/05\/logo_black.png","width":734,"height":225,"caption":"Nido"},"image":{"@id":"https:\/\/nidoathome.com\/#\/schema\/logo\/image\/"},"sameAs":["https:\/\/www.facebook.com\/profile.php?id=61559705109565","https:\/\/www.instagram.com\/nidoathome?igsh=MTkzYmcxbWFmZ2NnZQ&utm_source=qr"]}]}},"jetpack_sharing_enabled":true,"_links":{"self":[{"href":"https:\/\/nidoathome.com\/fr\/wp-json\/wp\/v2\/product\/1572","targetHints":{"allow":["GET"]}}],"collection":[{"href":"https:\/\/nidoathome.com\/fr\/wp-json\/wp\/v2\/product"}],"about":[{"href":"https:\/\/nidoathome.com\/fr\/wp-json\/wp\/v2\/types\/product"}],"replies":[{"embeddable":true,"href":"https:\/\/nidoathome.com\/fr\/wp-json\/wp\/v2\/comments?post=1572"}],"wp:featuredmedia":[{"embeddable":true,"href":"https:\/\/nidoathome.com\/fr\/wp-json\/wp\/v2\/media\/1741"}],"wp:attachment":[{"href":"https:\/\/nidoathome.com\/fr\/wp-json\/wp\/v2\/media?parent=1572"}],"wp:term":[{"taxonomy":"product_brand","embeddable":true,"href":"https:\/\/nidoathome.com\/fr\/wp-json\/wp\/v2\/product_brand?post=1572"},{"taxonomy":"product_cat","embeddable":true,"href":"https:\/\/nidoathome.com\/fr\/wp-json\/wp\/v2\/product_cat?post=1572"},{"taxonomy":"product_tag","embeddable":true,"href":"https:\/\/nidoathome.com\/fr\/wp-json\/wp\/v2\/product_tag?post=1572"}],"curies":[{"name":"wp","href":"https:\/\/api.w.org\/{rel}","templated":true}]}}