{"id":1130,"date":"2024-09-09T22:00:43","date_gmt":"2024-09-09T20:00:43","guid":{"rendered":"https:\/\/nidoathome.com\/?page_id=1130"},"modified":"2025-04-29T21:11:28","modified_gmt":"2025-04-29T19:11:28","slug":"confezione","status":"publish","type":"page","link":"https:\/\/nidoathome.com\/it\/confezione\/","title":{"rendered":"Confezione"},"content":{"rendered":"<h2 class=\"wp-block-heading\">Classic<\/h2>\n\n\n\n<div class=\"wp-block-media-text is-stacked-on-mobile is-vertically-aligned-top\"><figure class=\"wp-block-media-text__media\"><img fetchpriority=\"high\" decoding=\"async\" width=\"739\" height=\"1024\" src=\"https:\/\/nidoathome.com\/wp-content\/uploads\/2024\/09\/IMG_5567-739x1024.jpg\" alt=\"Lo stile Classic per le tende su misura \u00e8 caratterizzato da pieghe eleganti e perfettamente coordinate e da una lavorazione precisa. Le tende in colori tenui conferiscono all&#039;ambiente un&#039;atmosfera contemporanea ed elegante, ideale per la decorazione individuale delle finestre.\" class=\"wp-image-1650 size-full\" srcset=\"https:\/\/nidoathome.com\/wp-content\/uploads\/2024\/09\/IMG_5567-739x1024.jpg 739w, https:\/\/nidoathome.com\/wp-content\/uploads\/2024\/09\/IMG_5567-216x300.jpg 216w, https:\/\/nidoathome.com\/wp-content\/uploads\/2024\/09\/IMG_5567-768x1065.jpg 768w, https:\/\/nidoathome.com\/wp-content\/uploads\/2024\/09\/IMG_5567-1108x1536.jpg 1108w, https:\/\/nidoathome.com\/wp-content\/uploads\/2024\/09\/IMG_5567-1477x2048.jpg 1477w, https:\/\/nidoathome.com\/wp-content\/uploads\/2024\/09\/IMG_5567-1140x1580.jpg 1140w, https:\/\/nidoathome.com\/wp-content\/uploads\/2024\/09\/IMG_5567-920x1275.jpg 920w, https:\/\/nidoathome.com\/wp-content\/uploads\/2024\/09\/IMG_5567-575x797.jpg 575w, https:\/\/nidoathome.com\/wp-content\/uploads\/2024\/09\/IMG_5567-380x527.jpg 380w, https:\/\/nidoathome.com\/wp-content\/uploads\/2024\/09\/IMG_5567-420x582.jpg 420w, https:\/\/nidoathome.com\/wp-content\/uploads\/2024\/09\/IMG_5567-800x1109.jpg 800w, https:\/\/nidoathome.com\/wp-content\/uploads\/2024\/09\/IMG_5567-scaled.jpg 1847w\" sizes=\"(max-width: 739px) 100vw, 739px\" \/><\/figure><div class=\"wp-block-media-text__content\">\n<p class=\"has-text-align-left\">Il design della tenda <strong>Classic<\/strong> \u00e8 una delle varianti pi\u00f9 utilizzate. Non solo \u00e8 semplice, elegante e particolarmente adattabile, ma \u00e8 anche la pi\u00f9 interessante in termini di prezzo. Grazie a questo tipo di cucitura, \u00e8 possibile variare la densit\u00e0 delle pieghe in base ai propri desideri. Utilizziamo un tessuto di circa 150% della larghezza da voi indicata.<\/p>\n\n\n\n<p>Esempio: per un metro di tenda utilizziamo circa 1,5 m di tessuto. Sul retro della tenda \u00e8 cucito un nastro per tende con quattro cordoncini. Tirando i fili, si possono formare le pieghe desiderate e la larghezza adeguata. Non appena la larghezza \u00e8 giusta, annodare i fili per fissarli e nasconderli dietro la tenda.<\/p>\n<\/div><\/div>\n\n\n\n<h2 class=\"wp-block-heading\">Modern<\/h2>\n\n\n\n<div class=\"wp-block-media-text is-stacked-on-mobile is-vertically-aligned-top\"><figure class=\"wp-block-media-text__media\"><img decoding=\"async\" width=\"1577\" height=\"2560\" src=\"https:\/\/nidoathome.com\/wp-content\/uploads\/2025\/04\/image3-scaled.jpeg\" alt=\"Lo stile Moderno conferisce alle vostre tende una forma elegante e sorprendente. \u00c8 pi\u00f9 raffinato e crea un look ben definito.\" class=\"wp-image-2196 size-full\" srcset=\"https:\/\/nidoathome.com\/wp-content\/uploads\/2025\/04\/image3-scaled.jpeg 1577w, https:\/\/nidoathome.com\/wp-content\/uploads\/2025\/04\/image3-185x300.jpeg 185w, https:\/\/nidoathome.com\/wp-content\/uploads\/2025\/04\/image3-631x1024.jpeg 631w, https:\/\/nidoathome.com\/wp-content\/uploads\/2025\/04\/image3-768x1247.jpeg 768w, https:\/\/nidoathome.com\/wp-content\/uploads\/2025\/04\/image3-946x1536.jpeg 946w, https:\/\/nidoathome.com\/wp-content\/uploads\/2025\/04\/image3-1262x2048.jpeg 1262w, https:\/\/nidoathome.com\/wp-content\/uploads\/2025\/04\/image3-7x12.jpeg 7w, https:\/\/nidoathome.com\/wp-content\/uploads\/2025\/04\/image3-1140x1850.jpeg 1140w, https:\/\/nidoathome.com\/wp-content\/uploads\/2025\/04\/image3-920x1493.jpeg 920w, https:\/\/nidoathome.com\/wp-content\/uploads\/2025\/04\/image3-575x933.jpeg 575w, https:\/\/nidoathome.com\/wp-content\/uploads\/2025\/04\/image3-380x617.jpeg 380w, https:\/\/nidoathome.com\/wp-content\/uploads\/2025\/04\/image3-420x682.jpeg 420w, https:\/\/nidoathome.com\/wp-content\/uploads\/2025\/04\/image3-800x1299.jpeg 800w\" sizes=\"(max-width: 1577px) 100vw, 1577px\" \/><\/figure><div class=\"wp-block-media-text__content\">\n<p class=\"has-text-align-left\">Il design della tenda <strong>Modern<\/strong> conferisce alle vostre tende una forma elegante e di grande impatto. \u00c8 pi\u00f9 raffinata e crea un aspetto ben definito. Ogni 8 cm viene cucita una piega. Per questa versione viene utilizzato un tessuto 200% della larghezza specificata.<\/p>\n\n\n\n<p class=\"has-text-align-left\">Esempio: per un metro di tenda utilizziamo circa 2 m di tessuto. A differenza di altre tecniche di cucitura, con questo tipo di indumento non \u00e8 possibile variare la densit\u00e0 delle pieghe, poich\u00e9 queste sono saldamente cucite al nastro della tenda.<\/p>\n<\/div><\/div>\n\n\n\n<h2 class=\"wp-block-heading\">Rings<\/h2>\n\n\n\n<div class=\"wp-block-media-text is-stacked-on-mobile is-vertically-aligned-top\"><figure class=\"wp-block-media-text__media\"><img decoding=\"async\" width=\"729\" height=\"1024\" src=\"https:\/\/nidoathome.com\/wp-content\/uploads\/2024\/09\/IMG_5566-729x1024.jpg\" alt=\"Gli anelli pronti per tende su misura sono caratterizzati da pieghe eleganti e perfettamente coordinate e da una lavorazione precisa. Le tende in colori tenui conferiscono all&#039;ambiente un&#039;atmosfera contemporanea ed elegante, ideale per la decorazione individuale delle finestre.\" class=\"wp-image-1653 size-full\" srcset=\"https:\/\/nidoathome.com\/wp-content\/uploads\/2024\/09\/IMG_5566-729x1024.jpg 729w, https:\/\/nidoathome.com\/wp-content\/uploads\/2024\/09\/IMG_5566-214x300.jpg 214w, https:\/\/nidoathome.com\/wp-content\/uploads\/2024\/09\/IMG_5566-768x1079.jpg 768w, https:\/\/nidoathome.com\/wp-content\/uploads\/2024\/09\/IMG_5566-1094x1536.jpg 1094w, https:\/\/nidoathome.com\/wp-content\/uploads\/2024\/09\/IMG_5566-1458x2048.jpg 1458w, https:\/\/nidoathome.com\/wp-content\/uploads\/2024\/09\/IMG_5566-1140x1601.jpg 1140w, https:\/\/nidoathome.com\/wp-content\/uploads\/2024\/09\/IMG_5566-920x1292.jpg 920w, https:\/\/nidoathome.com\/wp-content\/uploads\/2024\/09\/IMG_5566-575x808.jpg 575w, https:\/\/nidoathome.com\/wp-content\/uploads\/2024\/09\/IMG_5566-380x534.jpg 380w, https:\/\/nidoathome.com\/wp-content\/uploads\/2024\/09\/IMG_5566-420x590.jpg 420w, https:\/\/nidoathome.com\/wp-content\/uploads\/2024\/09\/IMG_5566-800x1124.jpg 800w, https:\/\/nidoathome.com\/wp-content\/uploads\/2024\/09\/IMG_5566-scaled.jpg 1823w\" sizes=\"(max-width: 729px) 100vw, 729px\" \/><\/figure><div class=\"wp-block-media-text__content\">\n<p>Il design della tenda <strong>Rings<\/strong> \u00e8 uno dei metodi pi\u00f9 antichi per appendere le tende ed \u00e8 ideale in combinazione con un bastone per tende. \u00c8 possibile scegliere il colore degli anelli (bianco, oro o argento) in base ai propri gusti. Questo metodo \u00e8 particolarmente facile da gestire e conferisce alla tenda e alla stanza un'eleganza particolare. Per la produzione vengono utilizzati circa 150-200% di tessuto della larghezza specificata.<\/p>\n\n\n\n<p>Esempio: per un metro di tenda si utilizzano circa 1,5-2 m di tessuto. Per questa tecnica di cucitura si utilizzano anelli speciali, disponibili in tre colori: Bianco, oro e argento. Il diametro interno degli anelli \u00e8 di 3,5 cm, quello esterno di 5,5 cm. Assicuratevi che il diametro della vostra canna non superi i 3,5 cm. Una descrizione dettagliata dei colori degli anelli \u00e8 disponibile qui <a href=\"https:\/\/nidoathome.com\/it\/colore-dellanello\/\">qui<\/a>.<\/p>\n<\/div><\/div>\n\n\n\n<h2 class=\"wp-block-heading\">Onda<\/h2>\n\n\n\n<div class=\"wp-block-media-text is-stacked-on-mobile is-vertically-aligned-top\"><figure class=\"wp-block-media-text__media\"><img loading=\"lazy\" decoding=\"async\" width=\"768\" height=\"1024\" src=\"https:\/\/nidoathome.com\/wp-content\/uploads\/2025\/04\/image7-768x1024.jpeg\" alt=\"Lo stile Wave garantisce onde uniformi senza increspature e conferisce alla casa un&#039;atmosfera calma e armoniosa.\" class=\"wp-image-2195 size-full\" srcset=\"https:\/\/nidoathome.com\/wp-content\/uploads\/2025\/04\/image7-768x1024.jpeg 768w, https:\/\/nidoathome.com\/wp-content\/uploads\/2025\/04\/image7-225x300.jpeg 225w, https:\/\/nidoathome.com\/wp-content\/uploads\/2025\/04\/image7-1152x1536.jpeg 1152w, https:\/\/nidoathome.com\/wp-content\/uploads\/2025\/04\/image7-1536x2048.jpeg 1536w, https:\/\/nidoathome.com\/wp-content\/uploads\/2025\/04\/image7-9x12.jpeg 9w, https:\/\/nidoathome.com\/wp-content\/uploads\/2025\/04\/image7-1140x1520.jpeg 1140w, https:\/\/nidoathome.com\/wp-content\/uploads\/2025\/04\/image7-920x1227.jpeg 920w, https:\/\/nidoathome.com\/wp-content\/uploads\/2025\/04\/image7-575x767.jpeg 575w, https:\/\/nidoathome.com\/wp-content\/uploads\/2025\/04\/image7-380x507.jpeg 380w, https:\/\/nidoathome.com\/wp-content\/uploads\/2025\/04\/image7-420x560.jpeg 420w, https:\/\/nidoathome.com\/wp-content\/uploads\/2025\/04\/image7-800x1067.jpeg 800w, https:\/\/nidoathome.com\/wp-content\/uploads\/2025\/04\/image7-scaled.jpeg 1920w\" sizes=\"(max-width: 768px) 100vw, 768px\" \/><\/figure><div class=\"wp-block-media-text__content\">\n<p class=\"translation-block\">Il design della tenda <strong>Wave<\/strong>  crea onde uniformi senza arricciarsi e dona alla vostra casa un'atmosfera calma e armoniosa. Per la produzione viene utilizzato il 200% del tessuto nella larghezza da voi specificata.<\/p>\n\n\n\n<p>Esempio: per un metro di tenda utilizziamo 2 m di tessuto. Per l'installazione riceverete un cordino scorrevole al quale agganciare i ganci per tende. La distanza tra le onde \u00e8 di 8 cm.<\/p>\n<\/div><\/div>\n\n\n\n<p><\/p>","protected":false},"excerpt":{"rendered":"<p>Classico Lo stile classico delle tende \u00e8 una delle varianti pi\u00f9 utilizzate. Non solo \u00e8 semplice, elegante e particolarmente adattabile, ma \u00e8 anche il pi\u00f9 interessante in termini di prezzo. Grazie a questo tipo di cucitura, [...]<\/p>","protected":false},"author":1,"featured_media":0,"parent":0,"menu_order":0,"comment_status":"closed","ping_status":"closed","template":"","meta":{"footnotes":""},"class_list":["post-1130","page","type-page","status-publish","hentry"],"yoast_head":"<!-- This site is optimized with the Yoast SEO plugin v27.3 - https:\/\/yoast.com\/product\/yoast-seo-wordpress\/ -->\n<title>Vorhang Konfektionsart - Nido<\/title>\n<meta name=\"description\" content=\"Gestalten Sie Ihren Vorhang nach Mass ganz individuell . W\u00e4hlen Sie die Vorhang Konfektionsart aus, die zu Ihnen passt.\" \/>\n<meta name=\"robots\" content=\"index, follow, max-snippet:-1, max-image-preview:large, max-video-preview:-1\" \/>\n<link rel=\"canonical\" href=\"https:\/\/nidoathome.com\/it\/confezione\/\" \/>\n<meta property=\"og:locale\" content=\"it_IT\" \/>\n<meta property=\"og:type\" content=\"article\" \/>\n<meta property=\"og:title\" content=\"Vorhang Konfektionsart - Nido\" \/>\n<meta property=\"og:description\" content=\"Gestalten Sie Ihren Vorhang nach Mass ganz individuell . W\u00e4hlen Sie die Vorhang Konfektionsart aus, die zu Ihnen passt.\" \/>\n<meta property=\"og:url\" content=\"https:\/\/nidoathome.com\/it\/confezione\/\" \/>\n<meta property=\"og:site_name\" content=\"Nido\" \/>\n<meta property=\"article:publisher\" content=\"https:\/\/www.facebook.com\/profile.php?id=61559705109565\" \/>\n<meta property=\"article:modified_time\" content=\"2025-04-29T19:11:28+00:00\" \/>\n<meta property=\"og:image\" content=\"https:\/\/nidoathome.com\/wp-content\/uploads\/2024\/09\/IMG_5567-scaled.jpg\" \/>\n\t<meta property=\"og:image:width\" content=\"1847\" \/>\n\t<meta property=\"og:image:height\" content=\"2560\" \/>\n\t<meta property=\"og:image:type\" content=\"image\/jpeg\" \/>\n<meta name=\"twitter:card\" content=\"summary_large_image\" \/>\n<meta name=\"twitter:label1\" content=\"Tempo di lettura stimato\" \/>\n\t<meta name=\"twitter:data1\" content=\"3 minuti\" \/>\n<script type=\"application\/ld+json\" class=\"yoast-schema-graph\">{\"@context\":\"https:\\\/\\\/schema.org\",\"@graph\":[{\"@type\":\"WebPage\",\"@id\":\"https:\\\/\\\/nidoathome.com\\\/konfektionsart\\\/\",\"url\":\"https:\\\/\\\/nidoathome.com\\\/konfektionsart\\\/\",\"name\":\"Vorhang Konfektionsart - Nido\",\"isPartOf\":{\"@id\":\"https:\\\/\\\/nidoathome.com\\\/#website\"},\"primaryImageOfPage\":{\"@id\":\"https:\\\/\\\/nidoathome.com\\\/konfektionsart\\\/#primaryimage\"},\"image\":{\"@id\":\"https:\\\/\\\/nidoathome.com\\\/konfektionsart\\\/#primaryimage\"},\"thumbnailUrl\":\"https:\\\/\\\/nidoathome.com\\\/wp-content\\\/uploads\\\/2024\\\/09\\\/IMG_5567-739x1024.jpg\",\"datePublished\":\"2024-09-09T20:00:43+00:00\",\"dateModified\":\"2025-04-29T19:11:28+00:00\",\"description\":\"Gestalten Sie Ihren Vorhang nach Mass ganz individuell . W\u00e4hlen Sie die Vorhang Konfektionsart aus, die zu Ihnen passt.\",\"breadcrumb\":{\"@id\":\"https:\\\/\\\/nidoathome.com\\\/konfektionsart\\\/#breadcrumb\"},\"inLanguage\":\"it-IT\",\"potentialAction\":[{\"@type\":\"ReadAction\",\"target\":[\"https:\\\/\\\/nidoathome.com\\\/konfektionsart\\\/\"]}]},{\"@type\":\"ImageObject\",\"inLanguage\":\"it-IT\",\"@id\":\"https:\\\/\\\/nidoathome.com\\\/konfektionsart\\\/#primaryimage\",\"url\":\"https:\\\/\\\/nidoathome.com\\\/wp-content\\\/uploads\\\/2024\\\/09\\\/IMG_5567-739x1024.jpg\",\"contentUrl\":\"https:\\\/\\\/nidoathome.com\\\/wp-content\\\/uploads\\\/2024\\\/09\\\/IMG_5567-739x1024.jpg\"},{\"@type\":\"BreadcrumbList\",\"@id\":\"https:\\\/\\\/nidoathome.com\\\/konfektionsart\\\/#breadcrumb\",\"itemListElement\":[{\"@type\":\"ListItem\",\"position\":1,\"name\":\"Startseite\",\"item\":\"https:\\\/\\\/nidoathome.com\\\/\"},{\"@type\":\"ListItem\",\"position\":2,\"name\":\"Konfektionsart\"}]},{\"@type\":\"WebSite\",\"@id\":\"https:\\\/\\\/nidoathome.com\\\/#website\",\"url\":\"https:\\\/\\\/nidoathome.com\\\/\",\"name\":\"Nido\",\"description\":\"Ihre Vorh\u00e4nge nach Mass in der Schweiz\",\"publisher\":{\"@id\":\"https:\\\/\\\/nidoathome.com\\\/#organization\"},\"potentialAction\":[{\"@type\":\"SearchAction\",\"target\":{\"@type\":\"EntryPoint\",\"urlTemplate\":\"https:\\\/\\\/nidoathome.com\\\/?s={search_term_string}\"},\"query-input\":{\"@type\":\"PropertyValueSpecification\",\"valueRequired\":true,\"valueName\":\"search_term_string\"}}],\"inLanguage\":\"it-IT\"},{\"@type\":\"Organization\",\"@id\":\"https:\\\/\\\/nidoathome.com\\\/#organization\",\"name\":\"Nido\",\"url\":\"https:\\\/\\\/nidoathome.com\\\/\",\"logo\":{\"@type\":\"ImageObject\",\"inLanguage\":\"it-IT\",\"@id\":\"https:\\\/\\\/nidoathome.com\\\/#\\\/schema\\\/logo\\\/image\\\/\",\"url\":\"https:\\\/\\\/nidoathome.com\\\/wp-content\\\/uploads\\\/2024\\\/05\\\/logo_black.png\",\"contentUrl\":\"https:\\\/\\\/nidoathome.com\\\/wp-content\\\/uploads\\\/2024\\\/05\\\/logo_black.png\",\"width\":734,\"height\":225,\"caption\":\"Nido\"},\"image\":{\"@id\":\"https:\\\/\\\/nidoathome.com\\\/#\\\/schema\\\/logo\\\/image\\\/\"},\"sameAs\":[\"https:\\\/\\\/www.facebook.com\\\/profile.php?id=61559705109565\",\"https:\\\/\\\/www.instagram.com\\\/nidoathome?igsh=MTkzYmcxbWFmZ2NnZQ&utm_source=qr\"]}]}<\/script>\n<!-- \/ Yoast SEO plugin. -->","yoast_head_json":{"title":"Tipo di tenda - Nido","description":"Personalizzate la vostra tenda su misura. Scegliete il design della tenda che fa per voi.","robots":{"index":"index","follow":"follow","max-snippet":"max-snippet:-1","max-image-preview":"max-image-preview:large","max-video-preview":"max-video-preview:-1"},"canonical":"https:\/\/nidoathome.com\/it\/confezione\/","og_locale":"it_IT","og_type":"article","og_title":"Vorhang Konfektionsart - Nido","og_description":"Gestalten Sie Ihren Vorhang nach Mass ganz individuell . W\u00e4hlen Sie die Vorhang Konfektionsart aus, die zu Ihnen passt.","og_url":"https:\/\/nidoathome.com\/it\/confezione\/","og_site_name":"Nido","article_publisher":"https:\/\/www.facebook.com\/profile.php?id=61559705109565","article_modified_time":"2025-04-29T19:11:28+00:00","og_image":[{"width":1847,"height":2560,"url":"https:\/\/nidoathome.com\/wp-content\/uploads\/2024\/09\/IMG_5567-scaled.jpg","type":"image\/jpeg"}],"twitter_card":"summary_large_image","twitter_misc":{"Tempo di lettura stimato":"3 minuti"},"schema":{"@context":"https:\/\/schema.org","@graph":[{"@type":"WebPage","@id":"https:\/\/nidoathome.com\/konfektionsart\/","url":"https:\/\/nidoathome.com\/konfektionsart\/","name":"Tipo di tenda - Nido","isPartOf":{"@id":"https:\/\/nidoathome.com\/#website"},"primaryImageOfPage":{"@id":"https:\/\/nidoathome.com\/konfektionsart\/#primaryimage"},"image":{"@id":"https:\/\/nidoathome.com\/konfektionsart\/#primaryimage"},"thumbnailUrl":"https:\/\/nidoathome.com\/wp-content\/uploads\/2024\/09\/IMG_5567-739x1024.jpg","datePublished":"2024-09-09T20:00:43+00:00","dateModified":"2025-04-29T19:11:28+00:00","description":"Personalizzate la vostra tenda su misura. Scegliete il design della tenda che fa per voi.","breadcrumb":{"@id":"https:\/\/nidoathome.com\/konfektionsart\/#breadcrumb"},"inLanguage":"it-IT","potentialAction":[{"@type":"ReadAction","target":["https:\/\/nidoathome.com\/konfektionsart\/"]}]},{"@type":"ImageObject","inLanguage":"it-IT","@id":"https:\/\/nidoathome.com\/konfektionsart\/#primaryimage","url":"https:\/\/nidoathome.com\/wp-content\/uploads\/2024\/09\/IMG_5567-739x1024.jpg","contentUrl":"https:\/\/nidoathome.com\/wp-content\/uploads\/2024\/09\/IMG_5567-739x1024.jpg"},{"@type":"BreadcrumbList","@id":"https:\/\/nidoathome.com\/konfektionsart\/#breadcrumb","itemListElement":[{"@type":"ListItem","position":1,"name":"Startseite","item":"https:\/\/nidoathome.com\/"},{"@type":"ListItem","position":2,"name":"Konfektionsart"}]},{"@type":"WebSite","@id":"https:\/\/nidoathome.com\/#website","url":"https:\/\/nidoathome.com\/","name":"Nido","description":"Le vostre tende su misura in Svizzera","publisher":{"@id":"https:\/\/nidoathome.com\/#organization"},"potentialAction":[{"@type":"SearchAction","target":{"@type":"EntryPoint","urlTemplate":"https:\/\/nidoathome.com\/?s={search_term_string}"},"query-input":{"@type":"PropertyValueSpecification","valueRequired":true,"valueName":"search_term_string"}}],"inLanguage":"it-IT"},{"@type":"Organization","@id":"https:\/\/nidoathome.com\/#organization","name":"Nido","url":"https:\/\/nidoathome.com\/","logo":{"@type":"ImageObject","inLanguage":"it-IT","@id":"https:\/\/nidoathome.com\/#\/schema\/logo\/image\/","url":"https:\/\/nidoathome.com\/wp-content\/uploads\/2024\/05\/logo_black.png","contentUrl":"https:\/\/nidoathome.com\/wp-content\/uploads\/2024\/05\/logo_black.png","width":734,"height":225,"caption":"Nido"},"image":{"@id":"https:\/\/nidoathome.com\/#\/schema\/logo\/image\/"},"sameAs":["https:\/\/www.facebook.com\/profile.php?id=61559705109565","https:\/\/www.instagram.com\/nidoathome?igsh=MTkzYmcxbWFmZ2NnZQ&utm_source=qr"]}]}},"jetpack_sharing_enabled":true,"_links":{"self":[{"href":"https:\/\/nidoathome.com\/it\/wp-json\/wp\/v2\/pages\/1130","targetHints":{"allow":["GET"]}}],"collection":[{"href":"https:\/\/nidoathome.com\/it\/wp-json\/wp\/v2\/pages"}],"about":[{"href":"https:\/\/nidoathome.com\/it\/wp-json\/wp\/v2\/types\/page"}],"author":[{"embeddable":true,"href":"https:\/\/nidoathome.com\/it\/wp-json\/wp\/v2\/users\/1"}],"replies":[{"embeddable":true,"href":"https:\/\/nidoathome.com\/it\/wp-json\/wp\/v2\/comments?post=1130"}],"version-history":[{"count":18,"href":"https:\/\/nidoathome.com\/it\/wp-json\/wp\/v2\/pages\/1130\/revisions"}],"predecessor-version":[{"id":2197,"href":"https:\/\/nidoathome.com\/it\/wp-json\/wp\/v2\/pages\/1130\/revisions\/2197"}],"wp:attachment":[{"href":"https:\/\/nidoathome.com\/it\/wp-json\/wp\/v2\/media?parent=1130"}],"curies":[{"name":"wp","href":"https:\/\/api.w.org\/{rel}","templated":true}]}}