{"id":1813,"date":"2024-09-15T10:07:17","date_gmt":"2024-09-15T08:07:17","guid":{"rendered":"https:\/\/nidoathome.com\/?page_id=1813"},"modified":"2024-12-08T19:08:14","modified_gmt":"2024-12-08T18:08:14","slug":"colore-dellanello","status":"publish","type":"page","link":"https:\/\/nidoathome.com\/it\/colore-dellanello\/","title":{"rendered":"Colore degli annelli"},"content":{"rendered":"<p>Gli anelli per tende con occhielli sono disponibili in tre colori: bianco, oro e argento. Il diametro interno degli anelli \u00e8 di 3,5 cm, quello esterno di 5,5 cm. Assicuratevi che il diametro del vostro bastone per tende non superi i 3,5 cm.<\/p>\n\n\n\n<h2 class=\"wp-block-heading\">Bianco<\/h2>\n\n\n\n<figure class=\"wp-block-image size-large is-resized\"><img fetchpriority=\"high\" decoding=\"async\" width=\"1024\" height=\"768\" src=\"https:\/\/nidoathome.com\/wp-content\/uploads\/2024\/09\/IMG_5797-1024x768.jpeg\" alt=\"Scoprite le eleganti tende con occhielli per una facile manipolazione. Perfette per ogni casa e per la decorazione di finestre moderne.\" class=\"wp-image-1827\" style=\"width:500px\" srcset=\"https:\/\/nidoathome.com\/wp-content\/uploads\/2024\/09\/IMG_5797-1024x768.jpeg 1024w, https:\/\/nidoathome.com\/wp-content\/uploads\/2024\/09\/IMG_5797-300x225.jpeg 300w, https:\/\/nidoathome.com\/wp-content\/uploads\/2024\/09\/IMG_5797-768x576.jpeg 768w, https:\/\/nidoathome.com\/wp-content\/uploads\/2024\/09\/IMG_5797-1536x1152.jpeg 1536w, https:\/\/nidoathome.com\/wp-content\/uploads\/2024\/09\/IMG_5797-2048x1536.jpeg 2048w, https:\/\/nidoathome.com\/wp-content\/uploads\/2024\/09\/IMG_5797-1140x855.jpeg 1140w, https:\/\/nidoathome.com\/wp-content\/uploads\/2024\/09\/IMG_5797-920x690.jpeg 920w, https:\/\/nidoathome.com\/wp-content\/uploads\/2024\/09\/IMG_5797-575x431.jpeg 575w, https:\/\/nidoathome.com\/wp-content\/uploads\/2024\/09\/IMG_5797-380x285.jpeg 380w, https:\/\/nidoathome.com\/wp-content\/uploads\/2024\/09\/IMG_5797-420x315.jpeg 420w, https:\/\/nidoathome.com\/wp-content\/uploads\/2024\/09\/IMG_5797-800x600.jpeg 800w\" sizes=\"(max-width: 1024px) 100vw, 1024px\" \/><\/figure>\n\n\n\n<div style=\"height:50px\" aria-hidden=\"true\" class=\"wp-block-spacer\"><\/div>\n\n\n\n<h2 class=\"wp-block-heading\">Argento<\/h2>\n\n\n\n<figure class=\"wp-block-image size-large is-resized\"><img decoding=\"async\" width=\"1024\" height=\"768\" src=\"https:\/\/nidoathome.com\/wp-content\/uploads\/2024\/09\/IMG_5795-1024x768.jpeg\" alt=\"Scoprite le eleganti tende con occhielli per una facile manipolazione. Perfette per ogni casa e per la decorazione di finestre moderne.\" class=\"wp-image-1826\" style=\"width:500px\" srcset=\"https:\/\/nidoathome.com\/wp-content\/uploads\/2024\/09\/IMG_5795-1024x768.jpeg 1024w, https:\/\/nidoathome.com\/wp-content\/uploads\/2024\/09\/IMG_5795-300x225.jpeg 300w, https:\/\/nidoathome.com\/wp-content\/uploads\/2024\/09\/IMG_5795-768x576.jpeg 768w, https:\/\/nidoathome.com\/wp-content\/uploads\/2024\/09\/IMG_5795-1536x1152.jpeg 1536w, https:\/\/nidoathome.com\/wp-content\/uploads\/2024\/09\/IMG_5795-2048x1536.jpeg 2048w, https:\/\/nidoathome.com\/wp-content\/uploads\/2024\/09\/IMG_5795-1140x855.jpeg 1140w, https:\/\/nidoathome.com\/wp-content\/uploads\/2024\/09\/IMG_5795-920x690.jpeg 920w, https:\/\/nidoathome.com\/wp-content\/uploads\/2024\/09\/IMG_5795-575x431.jpeg 575w, https:\/\/nidoathome.com\/wp-content\/uploads\/2024\/09\/IMG_5795-380x285.jpeg 380w, https:\/\/nidoathome.com\/wp-content\/uploads\/2024\/09\/IMG_5795-420x315.jpeg 420w, https:\/\/nidoathome.com\/wp-content\/uploads\/2024\/09\/IMG_5795-800x600.jpeg 800w\" sizes=\"(max-width: 1024px) 100vw, 1024px\" \/><\/figure>\n\n\n\n<div style=\"height:50px\" aria-hidden=\"true\" class=\"wp-block-spacer\"><\/div>\n\n\n\n<h2 class=\"wp-block-heading\">Oro<\/h2>\n\n\n\n<figure class=\"wp-block-image size-large is-resized\"><img decoding=\"async\" width=\"1024\" height=\"768\" src=\"https:\/\/nidoathome.com\/wp-content\/uploads\/2024\/09\/IMG_5796-1024x768.jpeg\" alt=\"Scoprite le eleganti tende con occhielli per una facile manipolazione. Perfette per ogni casa e per la decorazione di finestre moderne.\" class=\"wp-image-1825\" style=\"width:500px\" srcset=\"https:\/\/nidoathome.com\/wp-content\/uploads\/2024\/09\/IMG_5796-1024x768.jpeg 1024w, https:\/\/nidoathome.com\/wp-content\/uploads\/2024\/09\/IMG_5796-300x225.jpeg 300w, https:\/\/nidoathome.com\/wp-content\/uploads\/2024\/09\/IMG_5796-768x576.jpeg 768w, https:\/\/nidoathome.com\/wp-content\/uploads\/2024\/09\/IMG_5796-1536x1152.jpeg 1536w, https:\/\/nidoathome.com\/wp-content\/uploads\/2024\/09\/IMG_5796-2048x1536.jpeg 2048w, https:\/\/nidoathome.com\/wp-content\/uploads\/2024\/09\/IMG_5796-1140x855.jpeg 1140w, https:\/\/nidoathome.com\/wp-content\/uploads\/2024\/09\/IMG_5796-920x690.jpeg 920w, https:\/\/nidoathome.com\/wp-content\/uploads\/2024\/09\/IMG_5796-575x431.jpeg 575w, https:\/\/nidoathome.com\/wp-content\/uploads\/2024\/09\/IMG_5796-380x285.jpeg 380w, https:\/\/nidoathome.com\/wp-content\/uploads\/2024\/09\/IMG_5796-420x315.jpeg 420w, https:\/\/nidoathome.com\/wp-content\/uploads\/2024\/09\/IMG_5796-800x600.jpeg 800w\" sizes=\"(max-width: 1024px) 100vw, 1024px\" \/><\/figure>\n\n\n\n<p>Scoprite le tende con occhielli di alta qualit\u00e0 per decorare le finestre con stile e praticit\u00e0. Le nostre tende con occhielli sono facili da usare e si adattano perfettamente al design della stanza. Ideali per un comfort moderno e un ambiente elegante in ogni casa.<\/p>\n\n\n\n<p>Ordinate oggi stesso le vostre tende con occhielli sul nostro sito <a href=\"https:\/\/nidoathome.com\/it\/shop\/\">Negozio online<\/a><\/p>","protected":false},"excerpt":{"rendered":"<p>Gli anelli per tende con occhielli sono disponibili in tre colori: bianco, oro e argento. Il diametro interno degli anelli \u00e8 di 3,5 cm, quello esterno di 5,5 cm. Assicurarsi che gli [...]<\/p>","protected":false},"author":1,"featured_media":0,"parent":0,"menu_order":0,"comment_status":"closed","ping_status":"closed","template":"","meta":{"footnotes":""},"class_list":["post-1813","page","type-page","status-publish","hentry"],"yoast_head":"<!-- This site is optimized with the Yoast SEO plugin v27.4 - https:\/\/yoast.com\/product\/yoast-seo-wordpress\/ -->\n<title>Vorh\u00e4nge \u00d6sen - Ringfarbe - Nido<\/title>\n<meta name=\"description\" content=\"Entdecken Sie stilvolle Vorh\u00e4nge mit \u00d6sen f\u00fcr einfache Handhabung. Perfekt f\u00fcr jedes Zuhause und moderne Fensterdekoration.\" \/>\n<meta name=\"robots\" content=\"index, follow, max-snippet:-1, max-image-preview:large, max-video-preview:-1\" \/>\n<link rel=\"canonical\" href=\"https:\/\/nidoathome.com\/it\/colore-dellanello\/\" \/>\n<meta property=\"og:locale\" content=\"it_IT\" \/>\n<meta property=\"og:type\" content=\"article\" \/>\n<meta property=\"og:title\" content=\"Vorh\u00e4nge \u00d6sen - Ringfarbe - Nido\" \/>\n<meta property=\"og:description\" content=\"Entdecken Sie stilvolle Vorh\u00e4nge mit \u00d6sen f\u00fcr einfache Handhabung. Perfekt f\u00fcr jedes Zuhause und moderne Fensterdekoration.\" \/>\n<meta property=\"og:url\" content=\"https:\/\/nidoathome.com\/it\/colore-dellanello\/\" \/>\n<meta property=\"og:site_name\" content=\"Nido\" \/>\n<meta property=\"article:publisher\" content=\"https:\/\/www.facebook.com\/profile.php?id=61559705109565\" \/>\n<meta property=\"article:modified_time\" content=\"2024-12-08T18:08:14+00:00\" \/>\n<meta property=\"og:image\" content=\"https:\/\/nidoathome.com\/wp-content\/uploads\/2024\/09\/IMG_5797.jpeg\" \/>\n\t<meta property=\"og:image:width\" content=\"2389\" \/>\n\t<meta property=\"og:image:height\" content=\"1792\" \/>\n\t<meta property=\"og:image:type\" content=\"image\/jpeg\" \/>\n<meta name=\"twitter:card\" content=\"summary_large_image\" \/>\n<meta name=\"twitter:label1\" content=\"Tempo di lettura stimato\" \/>\n\t<meta name=\"twitter:data1\" content=\"2 minuti\" \/>\n<script type=\"application\/ld+json\" class=\"yoast-schema-graph\">{\"@context\":\"https:\\\/\\\/schema.org\",\"@graph\":[{\"@type\":\"WebPage\",\"@id\":\"https:\\\/\\\/nidoathome.com\\\/ringfarbe\\\/\",\"url\":\"https:\\\/\\\/nidoathome.com\\\/ringfarbe\\\/\",\"name\":\"Vorh\u00e4nge \u00d6sen - Ringfarbe - Nido\",\"isPartOf\":{\"@id\":\"https:\\\/\\\/nidoathome.com\\\/#website\"},\"primaryImageOfPage\":{\"@id\":\"https:\\\/\\\/nidoathome.com\\\/ringfarbe\\\/#primaryimage\"},\"image\":{\"@id\":\"https:\\\/\\\/nidoathome.com\\\/ringfarbe\\\/#primaryimage\"},\"thumbnailUrl\":\"https:\\\/\\\/nidoathome.com\\\/wp-content\\\/uploads\\\/2024\\\/09\\\/IMG_5797-1024x768.jpeg\",\"datePublished\":\"2024-09-15T08:07:17+00:00\",\"dateModified\":\"2024-12-08T18:08:14+00:00\",\"description\":\"Entdecken Sie stilvolle Vorh\u00e4nge mit \u00d6sen f\u00fcr einfache Handhabung. Perfekt f\u00fcr jedes Zuhause und moderne Fensterdekoration.\",\"breadcrumb\":{\"@id\":\"https:\\\/\\\/nidoathome.com\\\/ringfarbe\\\/#breadcrumb\"},\"inLanguage\":\"it-IT\",\"potentialAction\":[{\"@type\":\"ReadAction\",\"target\":[\"https:\\\/\\\/nidoathome.com\\\/ringfarbe\\\/\"]}]},{\"@type\":\"ImageObject\",\"inLanguage\":\"it-IT\",\"@id\":\"https:\\\/\\\/nidoathome.com\\\/ringfarbe\\\/#primaryimage\",\"url\":\"https:\\\/\\\/nidoathome.com\\\/wp-content\\\/uploads\\\/2024\\\/09\\\/IMG_5797-1024x768.jpeg\",\"contentUrl\":\"https:\\\/\\\/nidoathome.com\\\/wp-content\\\/uploads\\\/2024\\\/09\\\/IMG_5797-1024x768.jpeg\"},{\"@type\":\"BreadcrumbList\",\"@id\":\"https:\\\/\\\/nidoathome.com\\\/ringfarbe\\\/#breadcrumb\",\"itemListElement\":[{\"@type\":\"ListItem\",\"position\":1,\"name\":\"Startseite\",\"item\":\"https:\\\/\\\/nidoathome.com\\\/\"},{\"@type\":\"ListItem\",\"position\":2,\"name\":\"Ringfarbe\"}]},{\"@type\":\"WebSite\",\"@id\":\"https:\\\/\\\/nidoathome.com\\\/#website\",\"url\":\"https:\\\/\\\/nidoathome.com\\\/\",\"name\":\"Nido\",\"description\":\"Ihre Vorh\u00e4nge nach Mass in der Schweiz\",\"publisher\":{\"@id\":\"https:\\\/\\\/nidoathome.com\\\/#organization\"},\"potentialAction\":[{\"@type\":\"SearchAction\",\"target\":{\"@type\":\"EntryPoint\",\"urlTemplate\":\"https:\\\/\\\/nidoathome.com\\\/?s={search_term_string}\"},\"query-input\":{\"@type\":\"PropertyValueSpecification\",\"valueRequired\":true,\"valueName\":\"search_term_string\"}}],\"inLanguage\":\"it-IT\"},{\"@type\":\"Organization\",\"@id\":\"https:\\\/\\\/nidoathome.com\\\/#organization\",\"name\":\"Nido\",\"url\":\"https:\\\/\\\/nidoathome.com\\\/\",\"logo\":{\"@type\":\"ImageObject\",\"inLanguage\":\"it-IT\",\"@id\":\"https:\\\/\\\/nidoathome.com\\\/#\\\/schema\\\/logo\\\/image\\\/\",\"url\":\"https:\\\/\\\/nidoathome.com\\\/wp-content\\\/uploads\\\/2024\\\/05\\\/logo_black.png\",\"contentUrl\":\"https:\\\/\\\/nidoathome.com\\\/wp-content\\\/uploads\\\/2024\\\/05\\\/logo_black.png\",\"width\":734,\"height\":225,\"caption\":\"Nido\"},\"image\":{\"@id\":\"https:\\\/\\\/nidoathome.com\\\/#\\\/schema\\\/logo\\\/image\\\/\"},\"sameAs\":[\"https:\\\/\\\/www.facebook.com\\\/profile.php?id=61559705109565\",\"https:\\\/\\\/www.instagram.com\\\/nidoathome?igsh=MTkzYmcxbWFmZ2NnZQ&utm_source=qr\"]}]}<\/script>\n<!-- \/ Yoast SEO plugin. -->","yoast_head_json":{"title":"Occhielli per tende - Colore dell'anello - Nido","description":"Scoprite le eleganti tende con occhielli per una facile manipolazione. Perfette per ogni casa e per la decorazione di finestre moderne.","robots":{"index":"index","follow":"follow","max-snippet":"max-snippet:-1","max-image-preview":"max-image-preview:large","max-video-preview":"max-video-preview:-1"},"canonical":"https:\/\/nidoathome.com\/it\/colore-dellanello\/","og_locale":"it_IT","og_type":"article","og_title":"Vorh\u00e4nge \u00d6sen - Ringfarbe - Nido","og_description":"Entdecken Sie stilvolle Vorh\u00e4nge mit \u00d6sen f\u00fcr einfache Handhabung. Perfekt f\u00fcr jedes Zuhause und moderne Fensterdekoration.","og_url":"https:\/\/nidoathome.com\/it\/colore-dellanello\/","og_site_name":"Nido","article_publisher":"https:\/\/www.facebook.com\/profile.php?id=61559705109565","article_modified_time":"2024-12-08T18:08:14+00:00","og_image":[{"width":2389,"height":1792,"url":"https:\/\/nidoathome.com\/wp-content\/uploads\/2024\/09\/IMG_5797.jpeg","type":"image\/jpeg"}],"twitter_card":"summary_large_image","twitter_misc":{"Tempo di lettura stimato":"2 minuti"},"schema":{"@context":"https:\/\/schema.org","@graph":[{"@type":"WebPage","@id":"https:\/\/nidoathome.com\/ringfarbe\/","url":"https:\/\/nidoathome.com\/ringfarbe\/","name":"Occhielli per tende - Colore dell'anello - Nido","isPartOf":{"@id":"https:\/\/nidoathome.com\/#website"},"primaryImageOfPage":{"@id":"https:\/\/nidoathome.com\/ringfarbe\/#primaryimage"},"image":{"@id":"https:\/\/nidoathome.com\/ringfarbe\/#primaryimage"},"thumbnailUrl":"https:\/\/nidoathome.com\/wp-content\/uploads\/2024\/09\/IMG_5797-1024x768.jpeg","datePublished":"2024-09-15T08:07:17+00:00","dateModified":"2024-12-08T18:08:14+00:00","description":"Scoprite le eleganti tende con occhielli per una facile manipolazione. Perfette per ogni casa e per la decorazione di finestre moderne.","breadcrumb":{"@id":"https:\/\/nidoathome.com\/ringfarbe\/#breadcrumb"},"inLanguage":"it-IT","potentialAction":[{"@type":"ReadAction","target":["https:\/\/nidoathome.com\/ringfarbe\/"]}]},{"@type":"ImageObject","inLanguage":"it-IT","@id":"https:\/\/nidoathome.com\/ringfarbe\/#primaryimage","url":"https:\/\/nidoathome.com\/wp-content\/uploads\/2024\/09\/IMG_5797-1024x768.jpeg","contentUrl":"https:\/\/nidoathome.com\/wp-content\/uploads\/2024\/09\/IMG_5797-1024x768.jpeg"},{"@type":"BreadcrumbList","@id":"https:\/\/nidoathome.com\/ringfarbe\/#breadcrumb","itemListElement":[{"@type":"ListItem","position":1,"name":"Startseite","item":"https:\/\/nidoathome.com\/"},{"@type":"ListItem","position":2,"name":"Ringfarbe"}]},{"@type":"WebSite","@id":"https:\/\/nidoathome.com\/#website","url":"https:\/\/nidoathome.com\/","name":"Nido","description":"Le vostre tende su misura in Svizzera","publisher":{"@id":"https:\/\/nidoathome.com\/#organization"},"potentialAction":[{"@type":"SearchAction","target":{"@type":"EntryPoint","urlTemplate":"https:\/\/nidoathome.com\/?s={search_term_string}"},"query-input":{"@type":"PropertyValueSpecification","valueRequired":true,"valueName":"search_term_string"}}],"inLanguage":"it-IT"},{"@type":"Organization","@id":"https:\/\/nidoathome.com\/#organization","name":"Nido","url":"https:\/\/nidoathome.com\/","logo":{"@type":"ImageObject","inLanguage":"it-IT","@id":"https:\/\/nidoathome.com\/#\/schema\/logo\/image\/","url":"https:\/\/nidoathome.com\/wp-content\/uploads\/2024\/05\/logo_black.png","contentUrl":"https:\/\/nidoathome.com\/wp-content\/uploads\/2024\/05\/logo_black.png","width":734,"height":225,"caption":"Nido"},"image":{"@id":"https:\/\/nidoathome.com\/#\/schema\/logo\/image\/"},"sameAs":["https:\/\/www.facebook.com\/profile.php?id=61559705109565","https:\/\/www.instagram.com\/nidoathome?igsh=MTkzYmcxbWFmZ2NnZQ&utm_source=qr"]}]}},"jetpack_sharing_enabled":true,"_links":{"self":[{"href":"https:\/\/nidoathome.com\/it\/wp-json\/wp\/v2\/pages\/1813","targetHints":{"allow":["GET"]}}],"collection":[{"href":"https:\/\/nidoathome.com\/it\/wp-json\/wp\/v2\/pages"}],"about":[{"href":"https:\/\/nidoathome.com\/it\/wp-json\/wp\/v2\/types\/page"}],"author":[{"embeddable":true,"href":"https:\/\/nidoathome.com\/it\/wp-json\/wp\/v2\/users\/1"}],"replies":[{"embeddable":true,"href":"https:\/\/nidoathome.com\/it\/wp-json\/wp\/v2\/comments?post=1813"}],"version-history":[{"count":13,"href":"https:\/\/nidoathome.com\/it\/wp-json\/wp\/v2\/pages\/1813\/revisions"}],"predecessor-version":[{"id":1961,"href":"https:\/\/nidoathome.com\/it\/wp-json\/wp\/v2\/pages\/1813\/revisions\/1961"}],"wp:attachment":[{"href":"https:\/\/nidoathome.com\/it\/wp-json\/wp\/v2\/media?parent=1813"}],"curies":[{"name":"wp","href":"https:\/\/api.w.org\/{rel}","templated":true}]}}