{"id":1844,"date":"2024-09-21T15:31:51","date_gmt":"2024-09-21T13:31:51","guid":{"rendered":"https:\/\/nidoathome.com\/?page_id=1844"},"modified":"2024-12-08T17:47:55","modified_gmt":"2024-12-08T16:47:55","slug":"sipario-a-scorrimento-hinno-clic","status":"publish","type":"page","link":"https:\/\/nidoathome.com\/it\/sipario-a-scorrimento-hinno-clic\/","title":{"rendered":"Scorrevoli"},"content":{"rendered":"<p>La tenda \u00e8 dotata delle originali guide Clic di Hinno. Questi possono essere semplicemente agganciati al binario della tenda in qualsiasi punto. \u00c8 possibile scegliere tra le guide Clic originali MAXI e MINI. \u00c8 possibile determinare le dimensioni del binario della tenda con la pratica funzione <a href=\"https:\/\/hinno.ch\/muenztabelle\/\">Tabella delle monete<\/a>. Oltre alle guide per tende Clic originali di Hinno, riceverete anche due fermatende Clic di Hinno.<\/p>\n\n\n\n<figure class=\"wp-block-embed is-type-video is-provider-vimeo wp-block-embed-vimeo wp-embed-aspect-16-9 wp-has-aspect-ratio\"><div class=\"wp-block-embed__wrapper\">\n<iframe title=\"ganci per tende hinno-clic-glider-pleat\" src=\"https:\/\/player.vimeo.com\/video\/718607240?dnt=1&amp;app_id=122963\" width=\"1140\" height=\"641\" frameborder=\"0\" allow=\"autoplay; fullscreen; picture-in-picture; clipboard-write\"><\/iframe>\n<\/div><\/figure>\n\n\n\n<figure class=\"wp-block-embed is-type-wp-embed is-provider-hinno wp-block-embed-hinno\"><div class=\"wp-block-embed__wrapper\">\n<blockquote class=\"wp-embedded-content\" data-secret=\"BxwkHPfcG5\"><a href=\"https:\/\/hinno.ch\/muenztabelle\/\">Tabella delle monete<\/a><\/blockquote><iframe class=\"wp-embedded-content\" sandbox=\"allow-scripts\" security=\"restricted\" style=\"position: absolute; visibility: hidden;\" title=\"&quot;Tavolo delle monete&quot; - HINNO\" src=\"https:\/\/hinno.ch\/muenztabelle\/embed\/#?secret=U7qcC1rADC#?secret=BxwkHPfcG5\" data-secret=\"BxwkHPfcG5\" width=\"600\" height=\"338\" frameborder=\"0\" marginwidth=\"0\" marginheight=\"0\" scrolling=\"no\"><\/iframe>\n<\/div><\/figure>\n\n\n\n<p>Scoprite la selezione di prima classe di <strong>Cursori per tende Hinno Clic<\/strong>che offrono una soluzione semplice ed efficiente per aprire e chiudere le tende. Che si tratti del soggiorno, della camera da letto o dell'ufficio, le nostre guide per tende garantiscono un funzionamento fluido e una lunga durata. <strong>Hinno<\/strong> \u00e8 sinonimo di qualit\u00e0 e innovazione nel campo della decorazione delle finestre. Le guide per tende Hinno Clic si distinguono per l'elevata capacit\u00e0 di carico, la maneggevolezza e la perfetta aderenza. Assicurano che le vostre tende scorrano sempre in modo elegante, senza cedimenti o rumori sgradevoli.<\/p>\n\n\n\n<p>Il <strong>Hinno Clic curtain glider<\/strong> sono realizzati con materiali robusti che mantengono la loro funzionalit\u00e0 anche con un uso regolare. Sono adatti sia per le tende leggere che per quelle pi\u00f9 pesanti e sono compatibili con molti pali per tende comuni. Grazie alla semplicit\u00e0 di installazione, \u00e8 possibile fissare le tende in modo facile e veloce.<\/p>\n\n\n\n<p>La selezione di <strong>Cursori per tende Hinno Clic<\/strong> comprende diversi modelli di grande impatto visivo e funzionale. Offriamo la soluzione giusta per ogni concetto di ambiente, dal design classico alle varianti moderne e minimaliste. Ottimizzate la decorazione delle finestre con <strong>Cursori per tende<\/strong>che si integrano armoniosamente in qualsiasi ambiente.<\/p>\n\n\n\n<p>Sia che stiate ristrutturando la vostra casa o che vogliate semplicemente sostituire i vostri vecchi scorrimano per tende - con <strong>Hinno<\/strong> fare la scelta giusta. Il nostro <strong>Scorrevoli<\/strong> non solo offrono vantaggi pratici, ma contribuiscono anche a migliorare l'estetica della stanza. Affidatevi a <strong>Hinno<\/strong> per una qualit\u00e0 e una funzionalit\u00e0 durature.<\/p>","protected":false},"excerpt":{"rendered":"<p>La tenda \u00e8 dotata delle originali guide Clic di Hinno. Questi possono essere semplicemente agganciati al binario della tenda in qualsiasi punto. \u00c8 possibile scegliere tra l'originale [...]<\/p>","protected":false},"author":1,"featured_media":0,"parent":0,"menu_order":0,"comment_status":"closed","ping_status":"closed","template":"","meta":{"footnotes":""},"class_list":["post-1844","page","type-page","status-publish","hentry"],"yoast_head":"<!-- This site is optimized with the Yoast SEO plugin v27.4 - https:\/\/yoast.com\/product\/yoast-seo-wordpress\/ -->\n<title>Vorhanggleiter Hinno Clic - Nido<\/title>\n<meta name=\"description\" content=\"Entdecken Sie hochwertige Hinno Clic Vorhanggleiter f\u00fcr m\u00fcheloses \u00d6ffnen und Schlie\u00dfen Ihrer Vorh\u00e4nge nach Mass. Ideal f\u00fcr jedes Zuhause!\" \/>\n<meta name=\"robots\" content=\"index, follow, max-snippet:-1, max-image-preview:large, max-video-preview:-1\" \/>\n<link rel=\"canonical\" href=\"https:\/\/nidoathome.com\/it\/sipario-a-scorrimento-hinno-clic\/\" \/>\n<meta property=\"og:locale\" content=\"it_IT\" \/>\n<meta property=\"og:type\" content=\"article\" \/>\n<meta property=\"og:title\" content=\"Vorhanggleiter Hinno Clic - Nido\" \/>\n<meta property=\"og:description\" content=\"Entdecken Sie hochwertige Hinno Clic Vorhanggleiter f\u00fcr m\u00fcheloses \u00d6ffnen und Schlie\u00dfen Ihrer Vorh\u00e4nge nach Mass. Ideal f\u00fcr jedes Zuhause!\" \/>\n<meta property=\"og:url\" content=\"https:\/\/nidoathome.com\/it\/sipario-a-scorrimento-hinno-clic\/\" \/>\n<meta property=\"og:site_name\" content=\"Nido\" \/>\n<meta property=\"article:publisher\" content=\"https:\/\/www.facebook.com\/profile.php?id=61559705109565\" \/>\n<meta property=\"article:modified_time\" content=\"2024-12-08T16:47:55+00:00\" \/>\n<meta name=\"twitter:card\" content=\"summary_large_image\" \/>\n<meta name=\"twitter:label1\" content=\"Tempo di lettura stimato\" \/>\n\t<meta name=\"twitter:data1\" content=\"2 minuti\" \/>\n<script type=\"application\/ld+json\" class=\"yoast-schema-graph\">{\"@context\":\"https:\\\/\\\/schema.org\",\"@graph\":[{\"@type\":\"WebPage\",\"@id\":\"https:\\\/\\\/nidoathome.com\\\/vorhanggleiter-hinno-clic\\\/\",\"url\":\"https:\\\/\\\/nidoathome.com\\\/vorhanggleiter-hinno-clic\\\/\",\"name\":\"Vorhanggleiter Hinno Clic - Nido\",\"isPartOf\":{\"@id\":\"https:\\\/\\\/nidoathome.com\\\/#website\"},\"datePublished\":\"2024-09-21T13:31:51+00:00\",\"dateModified\":\"2024-12-08T16:47:55+00:00\",\"description\":\"Entdecken Sie hochwertige Hinno Clic Vorhanggleiter f\u00fcr m\u00fcheloses \u00d6ffnen und Schlie\u00dfen Ihrer Vorh\u00e4nge nach Mass. Ideal f\u00fcr jedes Zuhause!\",\"breadcrumb\":{\"@id\":\"https:\\\/\\\/nidoathome.com\\\/vorhanggleiter-hinno-clic\\\/#breadcrumb\"},\"inLanguage\":\"it-IT\",\"potentialAction\":[{\"@type\":\"ReadAction\",\"target\":[\"https:\\\/\\\/nidoathome.com\\\/vorhanggleiter-hinno-clic\\\/\"]}]},{\"@type\":\"BreadcrumbList\",\"@id\":\"https:\\\/\\\/nidoathome.com\\\/vorhanggleiter-hinno-clic\\\/#breadcrumb\",\"itemListElement\":[{\"@type\":\"ListItem\",\"position\":1,\"name\":\"Startseite\",\"item\":\"https:\\\/\\\/nidoathome.com\\\/\"},{\"@type\":\"ListItem\",\"position\":2,\"name\":\"Vorhanggleiter\"}]},{\"@type\":\"WebSite\",\"@id\":\"https:\\\/\\\/nidoathome.com\\\/#website\",\"url\":\"https:\\\/\\\/nidoathome.com\\\/\",\"name\":\"Nido\",\"description\":\"Ihre Vorh\u00e4nge nach Mass in der Schweiz\",\"publisher\":{\"@id\":\"https:\\\/\\\/nidoathome.com\\\/#organization\"},\"potentialAction\":[{\"@type\":\"SearchAction\",\"target\":{\"@type\":\"EntryPoint\",\"urlTemplate\":\"https:\\\/\\\/nidoathome.com\\\/?s={search_term_string}\"},\"query-input\":{\"@type\":\"PropertyValueSpecification\",\"valueRequired\":true,\"valueName\":\"search_term_string\"}}],\"inLanguage\":\"it-IT\"},{\"@type\":\"Organization\",\"@id\":\"https:\\\/\\\/nidoathome.com\\\/#organization\",\"name\":\"Nido\",\"url\":\"https:\\\/\\\/nidoathome.com\\\/\",\"logo\":{\"@type\":\"ImageObject\",\"inLanguage\":\"it-IT\",\"@id\":\"https:\\\/\\\/nidoathome.com\\\/#\\\/schema\\\/logo\\\/image\\\/\",\"url\":\"https:\\\/\\\/nidoathome.com\\\/wp-content\\\/uploads\\\/2024\\\/05\\\/logo_black.png\",\"contentUrl\":\"https:\\\/\\\/nidoathome.com\\\/wp-content\\\/uploads\\\/2024\\\/05\\\/logo_black.png\",\"width\":734,\"height\":225,\"caption\":\"Nido\"},\"image\":{\"@id\":\"https:\\\/\\\/nidoathome.com\\\/#\\\/schema\\\/logo\\\/image\\\/\"},\"sameAs\":[\"https:\\\/\\\/www.facebook.com\\\/profile.php?id=61559705109565\",\"https:\\\/\\\/www.instagram.com\\\/nidoathome?igsh=MTkzYmcxbWFmZ2NnZQ&utm_source=qr\"]}]}<\/script>\n<!-- \/ Yoast SEO plugin. -->","yoast_head_json":{"title":"Tenda a scorrimento Hinno Clic - Nido","description":"Scoprite le guide per tende Hinno Clic di alta qualit\u00e0 per aprire e chiudere senza fatica le vostre tende personalizzate. Ideale per ogni casa!","robots":{"index":"index","follow":"follow","max-snippet":"max-snippet:-1","max-image-preview":"max-image-preview:large","max-video-preview":"max-video-preview:-1"},"canonical":"https:\/\/nidoathome.com\/it\/sipario-a-scorrimento-hinno-clic\/","og_locale":"it_IT","og_type":"article","og_title":"Vorhanggleiter Hinno Clic - Nido","og_description":"Entdecken Sie hochwertige Hinno Clic Vorhanggleiter f\u00fcr m\u00fcheloses \u00d6ffnen und Schlie\u00dfen Ihrer Vorh\u00e4nge nach Mass. Ideal f\u00fcr jedes Zuhause!","og_url":"https:\/\/nidoathome.com\/it\/sipario-a-scorrimento-hinno-clic\/","og_site_name":"Nido","article_publisher":"https:\/\/www.facebook.com\/profile.php?id=61559705109565","article_modified_time":"2024-12-08T16:47:55+00:00","twitter_card":"summary_large_image","twitter_misc":{"Tempo di lettura stimato":"2 minuti"},"schema":{"@context":"https:\/\/schema.org","@graph":[{"@type":"WebPage","@id":"https:\/\/nidoathome.com\/vorhanggleiter-hinno-clic\/","url":"https:\/\/nidoathome.com\/vorhanggleiter-hinno-clic\/","name":"Tenda a scorrimento Hinno Clic - Nido","isPartOf":{"@id":"https:\/\/nidoathome.com\/#website"},"datePublished":"2024-09-21T13:31:51+00:00","dateModified":"2024-12-08T16:47:55+00:00","description":"Scoprite le guide per tende Hinno Clic di alta qualit\u00e0 per aprire e chiudere senza fatica le vostre tende personalizzate. Ideale per ogni casa!","breadcrumb":{"@id":"https:\/\/nidoathome.com\/vorhanggleiter-hinno-clic\/#breadcrumb"},"inLanguage":"it-IT","potentialAction":[{"@type":"ReadAction","target":["https:\/\/nidoathome.com\/vorhanggleiter-hinno-clic\/"]}]},{"@type":"BreadcrumbList","@id":"https:\/\/nidoathome.com\/vorhanggleiter-hinno-clic\/#breadcrumb","itemListElement":[{"@type":"ListItem","position":1,"name":"Startseite","item":"https:\/\/nidoathome.com\/"},{"@type":"ListItem","position":2,"name":"Vorhanggleiter"}]},{"@type":"WebSite","@id":"https:\/\/nidoathome.com\/#website","url":"https:\/\/nidoathome.com\/","name":"Nido","description":"Le vostre tende su misura in Svizzera","publisher":{"@id":"https:\/\/nidoathome.com\/#organization"},"potentialAction":[{"@type":"SearchAction","target":{"@type":"EntryPoint","urlTemplate":"https:\/\/nidoathome.com\/?s={search_term_string}"},"query-input":{"@type":"PropertyValueSpecification","valueRequired":true,"valueName":"search_term_string"}}],"inLanguage":"it-IT"},{"@type":"Organization","@id":"https:\/\/nidoathome.com\/#organization","name":"Nido","url":"https:\/\/nidoathome.com\/","logo":{"@type":"ImageObject","inLanguage":"it-IT","@id":"https:\/\/nidoathome.com\/#\/schema\/logo\/image\/","url":"https:\/\/nidoathome.com\/wp-content\/uploads\/2024\/05\/logo_black.png","contentUrl":"https:\/\/nidoathome.com\/wp-content\/uploads\/2024\/05\/logo_black.png","width":734,"height":225,"caption":"Nido"},"image":{"@id":"https:\/\/nidoathome.com\/#\/schema\/logo\/image\/"},"sameAs":["https:\/\/www.facebook.com\/profile.php?id=61559705109565","https:\/\/www.instagram.com\/nidoathome?igsh=MTkzYmcxbWFmZ2NnZQ&utm_source=qr"]}]}},"jetpack_sharing_enabled":true,"_links":{"self":[{"href":"https:\/\/nidoathome.com\/it\/wp-json\/wp\/v2\/pages\/1844","targetHints":{"allow":["GET"]}}],"collection":[{"href":"https:\/\/nidoathome.com\/it\/wp-json\/wp\/v2\/pages"}],"about":[{"href":"https:\/\/nidoathome.com\/it\/wp-json\/wp\/v2\/types\/page"}],"author":[{"embeddable":true,"href":"https:\/\/nidoathome.com\/it\/wp-json\/wp\/v2\/users\/1"}],"replies":[{"embeddable":true,"href":"https:\/\/nidoathome.com\/it\/wp-json\/wp\/v2\/comments?post=1844"}],"version-history":[{"count":6,"href":"https:\/\/nidoathome.com\/it\/wp-json\/wp\/v2\/pages\/1844\/revisions"}],"predecessor-version":[{"id":1946,"href":"https:\/\/nidoathome.com\/it\/wp-json\/wp\/v2\/pages\/1844\/revisions\/1946"}],"wp:attachment":[{"href":"https:\/\/nidoathome.com\/it\/wp-json\/wp\/v2\/media?parent=1844"}],"curies":[{"name":"wp","href":"https:\/\/api.w.org\/{rel}","templated":true}]}}