{"id":1572,"date":"2024-09-07T21:53:00","date_gmt":"2024-09-07T19:53:00","guid":{"rendered":"https:\/\/nidoathome.com\/?post_type=product&#038;p=1572"},"modified":"2025-09-16T21:33:15","modified_gmt":"2025-09-16T19:33:15","slug":"nibbio","status":"publish","type":"product","link":"https:\/\/nidoathome.com\/it\/shop\/tenda-da-giorno\/nibbio\/","title":{"rendered":"Nibbio"},"content":{"rendered":"<p>La leggera tenda personalizzata Nibbio offre una privacy ideale, pur lasciando entrare nella stanza una quantit\u00e0 sufficiente di luce naturale. Perfetta per gli spazi abitativi in cui si desidera luminosit\u00e0, crea un'atmosfera accogliente e invitante. Il suo design senza tempo si integra armoniosamente in qualsiasi interno e aggiunge un tocco di stile alla vostra casa. La tenda da giorno Nibbio \u00e8 un perfetto elemento di design per interni e contribuisce a rendere piacevole l'acustica della stanza.<\/p>\n<h3>Istruzioni per la misurazione<\/h3>\n<p>Determinate la dimensione della vostra tenda personalizzata con il semplice\u00a0<a href=\"https:\/\/nidoathome.com\/it\/istruzioni-per-la-misurazione\/\" target=\"_blank\" rel=\"noopener\">Istruzioni per la misurazione<\/a> e selezionare il tipo di personalizzazione desiderata. Le dimensioni e la composizione determinano il prezzo della vostra tenda personalizzata finita, compresi i dispositivi di scorrimento della tenda, la spedizione e l'IVA.<\/p>\n<h3>Confezione<\/h3>\n<p>I tipi di fabbricazione sono fondamentali per la plissettatura delle tende e conferiscono personalit\u00e0 alla vostra casa. Una descrizione dettagliata pu\u00f2 essere trovata <a href=\"https:\/\/nidoathome.com\/it\/confezione\/\" target=\"_blank\" rel=\"noopener\">qui<\/a>.<\/p>\n<h3>Scorrevoli<\/h3>\n<p>La tenda personalizzata \u00e8 dotata degli originali cursori Clic di HINNO. Questi possono essere semplicemente agganciati al binario della tenda in qualsiasi punto. \u00c8 possibile scegliere tra le guide Clic originali MAXI e MINI. \u00c8 possibile determinare la dimensione del binario della tenda con il pratico <a href=\"https:\/\/hinno.ch\/muenztabelle\/\" target=\"_blank\" rel=\"noreferrer noopener\">Tabella delle monete<\/a>. Riceverete anche due tappi HINNO per tende Clic da abbinare agli originali scorrevoli Clic.<\/p>\n<h3>Cura<\/h3>\n<p>Tutte le nostre tende possono essere lavate a 30\u00b0C con un ciclo delicato. Le tende non devono essere asciugate in asciugatrice o lavate a secco. Dopo il lavaggio, \u00e8 possibile appendere le tende umide o stirarle al minimo calore.<\/p>","protected":false},"excerpt":{"rendered":"<p><span style=\"font-weight: 400;\"><a href=\"https:\/\/nidoathome.com\/it\/istruzioni-per-la-misurazione\/\" target=\"_blank\" rel=\"noopener\">Mostra le istruzioni di misurazione<\/a><\/span><\/p>","protected":false},"featured_media":1741,"comment_status":"open","ping_status":"closed","template":"","meta":[],"product_brand":[],"product_cat":[16],"product_tag":[],"class_list":{"0":"post-1572","1":"product","2":"type-product","3":"status-publish","4":"has-post-thumbnail","6":"product_cat-tagesvorhang","8":"first","9":"instock","10":"taxable","11":"shipping-taxable","12":"purchasable","13":"product-type-simple"},"yoast_head":"<!-- This site is optimized with the Yoast SEO plugin v27.3 - https:\/\/yoast.com\/product\/yoast-seo-wordpress\/ -->\n<title>Massvorhang - Nibbio - Nido<\/title>\n<meta name=\"description\" content=\"Der leichte Massvorhang Nibbio bietet idealen Sichtschutz, w\u00e4hrend er gleichzeitig gen\u00fcgend Tageslicht in den Raum l\u00e4sst.\" \/>\n<meta name=\"robots\" content=\"index, follow, max-snippet:-1, max-image-preview:large, max-video-preview:-1\" \/>\n<link rel=\"canonical\" href=\"https:\/\/nidoathome.com\/it\/shop\/tenda-da-giorno\/nibbio\/\" \/>\n<meta property=\"og:locale\" content=\"it_IT\" \/>\n<meta property=\"og:type\" content=\"article\" \/>\n<meta property=\"og:title\" content=\"Massvorhang - Nibbio - Nido\" \/>\n<meta property=\"og:description\" content=\"Der leichte Massvorhang Nibbio bietet idealen Sichtschutz, w\u00e4hrend er gleichzeitig gen\u00fcgend Tageslicht in den Raum l\u00e4sst.\" \/>\n<meta property=\"og:url\" content=\"https:\/\/nidoathome.com\/it\/shop\/tenda-da-giorno\/nibbio\/\" \/>\n<meta property=\"og:site_name\" content=\"Nido\" \/>\n<meta property=\"article:publisher\" content=\"https:\/\/www.facebook.com\/profile.php?id=61559705109565\" \/>\n<meta property=\"article:modified_time\" content=\"2025-09-16T19:33:15+00:00\" \/>\n<meta property=\"og:image\" content=\"https:\/\/nidoathome.com\/wp-content\/uploads\/2024\/09\/4\u0431-scaled.jpg\" \/>\n\t<meta property=\"og:image:width\" content=\"1707\" \/>\n\t<meta property=\"og:image:height\" content=\"2560\" \/>\n\t<meta property=\"og:image:type\" content=\"image\/jpeg\" \/>\n<meta name=\"twitter:card\" content=\"summary_large_image\" \/>\n<meta name=\"twitter:label1\" content=\"Tempo di lettura stimato\" \/>\n\t<meta name=\"twitter:data1\" content=\"2 minuti\" \/>\n<script type=\"application\/ld+json\" class=\"yoast-schema-graph\">{\"@context\":\"https:\\\/\\\/schema.org\",\"@graph\":[{\"@type\":\"WebPage\",\"@id\":\"https:\\\/\\\/nidoathome.com\\\/shop\\\/tagesvorhang\\\/nibbio\\\/\",\"url\":\"https:\\\/\\\/nidoathome.com\\\/shop\\\/tagesvorhang\\\/nibbio\\\/\",\"name\":\"Massvorhang - Nibbio - Nido\",\"isPartOf\":{\"@id\":\"https:\\\/\\\/nidoathome.com\\\/#website\"},\"primaryImageOfPage\":{\"@id\":\"https:\\\/\\\/nidoathome.com\\\/shop\\\/tagesvorhang\\\/nibbio\\\/#primaryimage\"},\"image\":{\"@id\":\"https:\\\/\\\/nidoathome.com\\\/shop\\\/tagesvorhang\\\/nibbio\\\/#primaryimage\"},\"thumbnailUrl\":\"https:\\\/\\\/nidoathome.com\\\/wp-content\\\/uploads\\\/2024\\\/09\\\/4\u0431-scaled.jpg\",\"datePublished\":\"2024-09-07T19:53:00+00:00\",\"dateModified\":\"2025-09-16T19:33:15+00:00\",\"description\":\"Der leichte Massvorhang Nibbio bietet idealen Sichtschutz, w\u00e4hrend er gleichzeitig gen\u00fcgend Tageslicht in den Raum l\u00e4sst.\",\"breadcrumb\":{\"@id\":\"https:\\\/\\\/nidoathome.com\\\/shop\\\/tagesvorhang\\\/nibbio\\\/#breadcrumb\"},\"inLanguage\":\"it-IT\",\"potentialAction\":[{\"@type\":\"ReadAction\",\"target\":[\"https:\\\/\\\/nidoathome.com\\\/shop\\\/tagesvorhang\\\/nibbio\\\/\"]}]},{\"@type\":\"ImageObject\",\"inLanguage\":\"it-IT\",\"@id\":\"https:\\\/\\\/nidoathome.com\\\/shop\\\/tagesvorhang\\\/nibbio\\\/#primaryimage\",\"url\":\"https:\\\/\\\/nidoathome.com\\\/wp-content\\\/uploads\\\/2024\\\/09\\\/4\u0431-scaled.jpg\",\"contentUrl\":\"https:\\\/\\\/nidoathome.com\\\/wp-content\\\/uploads\\\/2024\\\/09\\\/4\u0431-scaled.jpg\",\"width\":1707,\"height\":2560,\"caption\":\"Tagesvorhang Nibbio Konfektion\"},{\"@type\":\"BreadcrumbList\",\"@id\":\"https:\\\/\\\/nidoathome.com\\\/shop\\\/tagesvorhang\\\/nibbio\\\/#breadcrumb\",\"itemListElement\":[{\"@type\":\"ListItem\",\"position\":1,\"name\":\"Startseite\",\"item\":\"https:\\\/\\\/nidoathome.com\\\/\"},{\"@type\":\"ListItem\",\"position\":2,\"name\":\"Shop\",\"item\":\"https:\\\/\\\/nidoathome.com\\\/shop\\\/\"},{\"@type\":\"ListItem\",\"position\":3,\"name\":\"Nibbio\"}]},{\"@type\":\"WebSite\",\"@id\":\"https:\\\/\\\/nidoathome.com\\\/#website\",\"url\":\"https:\\\/\\\/nidoathome.com\\\/\",\"name\":\"Nido\",\"description\":\"Ihre Vorh\u00e4nge nach Mass in der Schweiz\",\"publisher\":{\"@id\":\"https:\\\/\\\/nidoathome.com\\\/#organization\"},\"potentialAction\":[{\"@type\":\"SearchAction\",\"target\":{\"@type\":\"EntryPoint\",\"urlTemplate\":\"https:\\\/\\\/nidoathome.com\\\/?s={search_term_string}\"},\"query-input\":{\"@type\":\"PropertyValueSpecification\",\"valueRequired\":true,\"valueName\":\"search_term_string\"}}],\"inLanguage\":\"it-IT\"},{\"@type\":\"Organization\",\"@id\":\"https:\\\/\\\/nidoathome.com\\\/#organization\",\"name\":\"Nido\",\"url\":\"https:\\\/\\\/nidoathome.com\\\/\",\"logo\":{\"@type\":\"ImageObject\",\"inLanguage\":\"it-IT\",\"@id\":\"https:\\\/\\\/nidoathome.com\\\/#\\\/schema\\\/logo\\\/image\\\/\",\"url\":\"https:\\\/\\\/nidoathome.com\\\/wp-content\\\/uploads\\\/2024\\\/05\\\/logo_black.png\",\"contentUrl\":\"https:\\\/\\\/nidoathome.com\\\/wp-content\\\/uploads\\\/2024\\\/05\\\/logo_black.png\",\"width\":734,\"height\":225,\"caption\":\"Nido\"},\"image\":{\"@id\":\"https:\\\/\\\/nidoathome.com\\\/#\\\/schema\\\/logo\\\/image\\\/\"},\"sameAs\":[\"https:\\\/\\\/www.facebook.com\\\/profile.php?id=61559705109565\",\"https:\\\/\\\/www.instagram.com\\\/nidoathome?igsh=MTkzYmcxbWFmZ2NnZQ&utm_source=qr\"]}]}<\/script>\n<!-- \/ Yoast SEO plugin. -->","yoast_head_json":{"title":"Tenda personalizzata - Nibbio - Nido","description":"La leggera tenda personalizzata Nibbio offre una protezione ideale per la privacy, consentendo al contempo l'ingresso di una quantit\u00e0 sufficiente di luce naturale nella stanza.","robots":{"index":"index","follow":"follow","max-snippet":"max-snippet:-1","max-image-preview":"max-image-preview:large","max-video-preview":"max-video-preview:-1"},"canonical":"https:\/\/nidoathome.com\/it\/shop\/tenda-da-giorno\/nibbio\/","og_locale":"it_IT","og_type":"article","og_title":"Massvorhang - Nibbio - Nido","og_description":"Der leichte Massvorhang Nibbio bietet idealen Sichtschutz, w\u00e4hrend er gleichzeitig gen\u00fcgend Tageslicht in den Raum l\u00e4sst.","og_url":"https:\/\/nidoathome.com\/it\/shop\/tenda-da-giorno\/nibbio\/","og_site_name":"Nido","article_publisher":"https:\/\/www.facebook.com\/profile.php?id=61559705109565","article_modified_time":"2025-09-16T19:33:15+00:00","og_image":[{"width":1707,"height":2560,"url":"https:\/\/nidoathome.com\/wp-content\/uploads\/2024\/09\/4\u0431-scaled.jpg","type":"image\/jpeg"}],"twitter_card":"summary_large_image","twitter_misc":{"Tempo di lettura stimato":"2 minuti"},"schema":{"@context":"https:\/\/schema.org","@graph":[{"@type":"WebPage","@id":"https:\/\/nidoathome.com\/shop\/tagesvorhang\/nibbio\/","url":"https:\/\/nidoathome.com\/shop\/tagesvorhang\/nibbio\/","name":"Tenda personalizzata - Nibbio - Nido","isPartOf":{"@id":"https:\/\/nidoathome.com\/#website"},"primaryImageOfPage":{"@id":"https:\/\/nidoathome.com\/shop\/tagesvorhang\/nibbio\/#primaryimage"},"image":{"@id":"https:\/\/nidoathome.com\/shop\/tagesvorhang\/nibbio\/#primaryimage"},"thumbnailUrl":"https:\/\/nidoathome.com\/wp-content\/uploads\/2024\/09\/4\u0431-scaled.jpg","datePublished":"2024-09-07T19:53:00+00:00","dateModified":"2025-09-16T19:33:15+00:00","description":"La leggera tenda personalizzata Nibbio offre una protezione ideale per la privacy, consentendo al contempo l'ingresso di una quantit\u00e0 sufficiente di luce naturale nella stanza.","breadcrumb":{"@id":"https:\/\/nidoathome.com\/shop\/tagesvorhang\/nibbio\/#breadcrumb"},"inLanguage":"it-IT","potentialAction":[{"@type":"ReadAction","target":["https:\/\/nidoathome.com\/shop\/tagesvorhang\/nibbio\/"]}]},{"@type":"ImageObject","inLanguage":"it-IT","@id":"https:\/\/nidoathome.com\/shop\/tagesvorhang\/nibbio\/#primaryimage","url":"https:\/\/nidoathome.com\/wp-content\/uploads\/2024\/09\/4\u0431-scaled.jpg","contentUrl":"https:\/\/nidoathome.com\/wp-content\/uploads\/2024\/09\/4\u0431-scaled.jpg","width":1707,"height":2560,"caption":"Tagesvorhang Nibbio Konfektion"},{"@type":"BreadcrumbList","@id":"https:\/\/nidoathome.com\/shop\/tagesvorhang\/nibbio\/#breadcrumb","itemListElement":[{"@type":"ListItem","position":1,"name":"Startseite","item":"https:\/\/nidoathome.com\/"},{"@type":"ListItem","position":2,"name":"Shop","item":"https:\/\/nidoathome.com\/shop\/"},{"@type":"ListItem","position":3,"name":"Nibbio"}]},{"@type":"WebSite","@id":"https:\/\/nidoathome.com\/#website","url":"https:\/\/nidoathome.com\/","name":"Nido","description":"Le vostre tende su misura in Svizzera","publisher":{"@id":"https:\/\/nidoathome.com\/#organization"},"potentialAction":[{"@type":"SearchAction","target":{"@type":"EntryPoint","urlTemplate":"https:\/\/nidoathome.com\/?s={search_term_string}"},"query-input":{"@type":"PropertyValueSpecification","valueRequired":true,"valueName":"search_term_string"}}],"inLanguage":"it-IT"},{"@type":"Organization","@id":"https:\/\/nidoathome.com\/#organization","name":"Nido","url":"https:\/\/nidoathome.com\/","logo":{"@type":"ImageObject","inLanguage":"it-IT","@id":"https:\/\/nidoathome.com\/#\/schema\/logo\/image\/","url":"https:\/\/nidoathome.com\/wp-content\/uploads\/2024\/05\/logo_black.png","contentUrl":"https:\/\/nidoathome.com\/wp-content\/uploads\/2024\/05\/logo_black.png","width":734,"height":225,"caption":"Nido"},"image":{"@id":"https:\/\/nidoathome.com\/#\/schema\/logo\/image\/"},"sameAs":["https:\/\/www.facebook.com\/profile.php?id=61559705109565","https:\/\/www.instagram.com\/nidoathome?igsh=MTkzYmcxbWFmZ2NnZQ&utm_source=qr"]}]}},"jetpack_sharing_enabled":true,"_links":{"self":[{"href":"https:\/\/nidoathome.com\/it\/wp-json\/wp\/v2\/product\/1572","targetHints":{"allow":["GET"]}}],"collection":[{"href":"https:\/\/nidoathome.com\/it\/wp-json\/wp\/v2\/product"}],"about":[{"href":"https:\/\/nidoathome.com\/it\/wp-json\/wp\/v2\/types\/product"}],"replies":[{"embeddable":true,"href":"https:\/\/nidoathome.com\/it\/wp-json\/wp\/v2\/comments?post=1572"}],"wp:featuredmedia":[{"embeddable":true,"href":"https:\/\/nidoathome.com\/it\/wp-json\/wp\/v2\/media\/1741"}],"wp:attachment":[{"href":"https:\/\/nidoathome.com\/it\/wp-json\/wp\/v2\/media?parent=1572"}],"wp:term":[{"taxonomy":"product_brand","embeddable":true,"href":"https:\/\/nidoathome.com\/it\/wp-json\/wp\/v2\/product_brand?post=1572"},{"taxonomy":"product_cat","embeddable":true,"href":"https:\/\/nidoathome.com\/it\/wp-json\/wp\/v2\/product_cat?post=1572"},{"taxonomy":"product_tag","embeddable":true,"href":"https:\/\/nidoathome.com\/it\/wp-json\/wp\/v2\/product_tag?post=1572"}],"curies":[{"name":"wp","href":"https:\/\/api.w.org\/{rel}","templated":true}]}}